{"id":93557,"date":"2025-01-07T05:48:57","date_gmt":"2025-01-07T05:48:57","guid":{"rendered":"https:\/\/moroccancosmetic.com\/blog\/"},"modified":"2025-08-13T22:52:22","modified_gmt":"2025-08-13T22:52:22","slug":"blog","status":"publish","type":"page","link":"https:\/\/moroccancosmetic.com\/fr\/blog\/","title":{"rendered":"Blog"},"content":{"rendered":"\t\t<div data-elementor-type=\"wp-page\" data-elementor-id=\"93557\" class=\"elementor elementor-93557 elementor-1787\" data-elementor-post-type=\"page\">\n\t\t\t\t<div class=\"elementor-element elementor-element-0bf93dd e-flex e-con-boxed text-reveal-no e-con e-parent\" data-id=\"0bf93dd\" data-element_type=\"container\" data-e-type=\"container\">\n\t\t\t\t\t<div class=\"e-con-inner\">\n\t\t<div class=\"elementor-element elementor-element-d97ca11 e-con-full e-flex text-reveal-no e-con e-child\" data-id=\"d97ca11\" data-element_type=\"container\" data-e-type=\"container\">\n\t\t\t\t<div class=\"elementor-element elementor-element-df3c981 elementor-invisible elementor-widget elementor-widget-ceaposts\" data-id=\"df3c981\" data-element_type=\"widget\" data-e-type=\"widget\" data-settings=\"{&quot;_animation&quot;:&quot;fadeIn&quot;,&quot;_animation_delay&quot;:650}\" data-widget_type=\"ceaposts.default\">\n\t\t\t\t\n\t\t<div class=\"elementor-widget-container blog-wrapper blog-style-classic blog-light blog-normal-model\">\n\t\t\n\t\t\t<div class=\"row\"><div class=\"col-lg-6 col-md-6\"><div class=\"blog-inner\"><div class=\"post-thumb\"><a href=\"https:\/\/moroccancosmetic.com\/fr\/pourquoi-les-soins-marocains-bio-depassent-les-grandes-marques\/\" class=\"post-image-link\"><img fetchpriority=\"high\" decoding=\"async\" width=\"768\" height=\"456\" src=\"https:\/\/moroccancosmetic.com\/wp-content\/uploads\/2025\/01\/212121-768x456.jpg\" class=\"img-fluid squared attachment-medium size-medium\" alt=\"Moroccan organic row matirial\" srcset=\"https:\/\/moroccancosmetic.com\/wp-content\/uploads\/2025\/01\/212121-768x456.jpg 768w, https:\/\/moroccancosmetic.com\/wp-content\/uploads\/2025\/01\/212121-1170x694.jpg 1170w\" sizes=\"(max-width: 768px) 100vw, 768px\" \/><\/a><\/div><!-- .post-thumb --><div class=\"top-meta clearfix\"><ul class=\"nav top-meta-list meta-left\"><li><div class=\"post-author\"><a href=\"https:\/\/moroccancosmetic.com\/fr\/author\/123\/\"><span class=\"author-img\"><img alt='' src='https:\/\/secure.gravatar.com\/avatar\/b46a741e07fda7ae9eba4c44dcc2eb69c4d00a0edfd3931e9399e57ead85a31d?s=30&#038;d=mm&#038;r=g' srcset='https:\/\/secure.gravatar.com\/avatar\/b46a741e07fda7ae9eba4c44dcc2eb69c4d00a0edfd3931e9399e57ead85a31d?s=60&#038;d=mm&#038;r=g 2x' class='avatar avatar-30 photo rounded-circle' height='30' width='30' \/><\/span><span class=\"author-name\">Adil Aloui Fassi<\/span><\/a><\/div><\/li><li><div class=\"post-date\"><a href=\"https:\/\/moroccancosmetic.com\/fr\/2025\/01\/07\/\" ><i class=\"icon icon-calendar\"><\/i> janvier 7, 2025<\/a><\/div><\/li><\/ul><\/div><div class=\"entry-title\"><h3 class=\"post-title-head\"><a href=\"https:\/\/moroccancosmetic.com\/fr\/pourquoi-les-soins-marocains-bio-depassent-les-grandes-marques\/\" class=\"post-title\">Pourquoi les soins marocains bio d\u00e9passent les grandes marques<\/a><\/h3><\/div><!-- .entry-title --><div class=\"bottom-meta clearfix\"><\/div><\/div><!-- .blog-inner --><\/div><!-- .col \/ .owl-carousel-item \/ .isotope --><div class=\"col-lg-6 col-md-6\"><div class=\"blog-inner\"><div class=\"post-thumb\"><a href=\"https:\/\/moroccancosmetic.com\/fr\/lhuile-dargan-nest-pas-quun-effet-de-mode-pourquoi-cet-or-marocain-conquiert-le-monde-des-soins-de-la-peau\/\" class=\"post-image-link\"><img decoding=\"async\" width=\"768\" height=\"456\" src=\"https:\/\/moroccancosmetic.com\/wp-content\/uploads\/2025\/06\/7-768x456.jpg\" class=\"img-fluid squared attachment-medium size-medium img-fluid squared attachment-medium size-medium\" alt=\"old woman manufacturing\" srcset=\"https:\/\/moroccancosmetic.com\/wp-content\/uploads\/2025\/06\/7-768x456.jpg 768w, https:\/\/moroccancosmetic.com\/wp-content\/uploads\/2025\/06\/7-1170x694.jpg 1170w\" sizes=\"(max-width: 768px) 100vw, 768px\" \/><\/a><\/div><!-- .post-thumb --><div class=\"top-meta clearfix\"><ul class=\"nav top-meta-list meta-left\"><li><div class=\"post-author\"><a href=\"https:\/\/moroccancosmetic.com\/fr\/author\/123\/\"><span class=\"author-img\"><img alt='' src='https:\/\/secure.gravatar.com\/avatar\/b46a741e07fda7ae9eba4c44dcc2eb69c4d00a0edfd3931e9399e57ead85a31d?s=30&#038;d=mm&#038;r=g' srcset='https:\/\/secure.gravatar.com\/avatar\/b46a741e07fda7ae9eba4c44dcc2eb69c4d00a0edfd3931e9399e57ead85a31d?s=60&#038;d=mm&#038;r=g 2x' class='avatar avatar-30 photo rounded-circle' height='30' width='30' \/><\/span><span class=\"author-name\">Adil Aloui Fassi<\/span><\/a><\/div><\/li><li><div class=\"post-date\"><a href=\"https:\/\/moroccancosmetic.com\/fr\/2025\/06\/15\/\" ><i class=\"icon icon-calendar\"><\/i> juin 15, 2025<\/a><\/div><\/li><\/ul><\/div><div class=\"entry-title\"><h3 class=\"post-title-head\"><a href=\"https:\/\/moroccancosmetic.com\/fr\/lhuile-dargan-nest-pas-quun-effet-de-mode-pourquoi-cet-or-marocain-conquiert-le-monde-des-soins-de-la-peau\/\" class=\"post-title\">L\u2019Huile d\u2019Argan n\u2019est Pas Qu\u2019un Effet de Mode : Pourquoi Cet Or Marocain Conquiert le Monde des Soins de la Peau<\/a><\/h3><\/div><!-- .entry-title --><div class=\"bottom-meta clearfix\"><\/div><\/div><!-- .blog-inner --><\/div><!-- .col \/ .owl-carousel-item \/ .isotope --><\/div><!-- .row --><div class=\"row\"><div class=\"col-lg-6 col-md-6\"><div class=\"blog-inner\"><div class=\"post-thumb\"><a href=\"https:\/\/moroccancosmetic.com\/fr\/comment-les-soins-de-la-peau-marocains-ont-revitalise-ma-peau-abimee-par-le-soleil\/\" class=\"post-image-link\"><img decoding=\"async\" width=\"768\" height=\"456\" src=\"https:\/\/moroccancosmetic.com\/wp-content\/uploads\/2025\/06\/re-768x456.jpg\" class=\"img-fluid squared attachment-medium size-medium img-fluid squared attachment-medium size-medium img-fluid squared attachment-medium size-medium\" alt=\"Moroccan nature women\" srcset=\"https:\/\/moroccancosmetic.com\/wp-content\/uploads\/2025\/06\/re-768x456.jpg 768w, https:\/\/moroccancosmetic.com\/wp-content\/uploads\/2025\/06\/re-1170x694.jpg 1170w\" sizes=\"(max-width: 768px) 100vw, 768px\" \/><\/a><\/div><!-- .post-thumb --><div class=\"top-meta clearfix\"><ul class=\"nav top-meta-list meta-left\"><li><div class=\"post-author\"><a href=\"https:\/\/moroccancosmetic.com\/fr\/author\/123\/\"><span class=\"author-img\"><img alt='' src='https:\/\/secure.gravatar.com\/avatar\/b46a741e07fda7ae9eba4c44dcc2eb69c4d00a0edfd3931e9399e57ead85a31d?s=30&#038;d=mm&#038;r=g' srcset='https:\/\/secure.gravatar.com\/avatar\/b46a741e07fda7ae9eba4c44dcc2eb69c4d00a0edfd3931e9399e57ead85a31d?s=60&#038;d=mm&#038;r=g 2x' class='avatar avatar-30 photo rounded-circle' height='30' width='30' \/><\/span><span class=\"author-name\">Adil Aloui Fassi<\/span><\/a><\/div><\/li><li><div class=\"post-date\"><a href=\"https:\/\/moroccancosmetic.com\/fr\/2025\/06\/15\/\" ><i class=\"icon icon-calendar\"><\/i> juin 15, 2025<\/a><\/div><\/li><\/ul><\/div><div class=\"entry-title\"><h3 class=\"post-title-head\"><a href=\"https:\/\/moroccancosmetic.com\/fr\/comment-les-soins-de-la-peau-marocains-ont-revitalise-ma-peau-abimee-par-le-soleil\/\" class=\"post-title\">Comment les Soins de la Peau Marocains ont Revitalis\u00e9 ma Peau Ab\u00eem\u00e9e par le Soleil<\/a><\/h3><\/div><!-- .entry-title --><div class=\"bottom-meta clearfix\"><\/div><\/div><!-- .blog-inner --><\/div><!-- .col \/ .owl-carousel-item \/ .isotope --><div class=\"col-lg-6 col-md-6\"><div class=\"blog-inner\"><div class=\"post-thumb\"><a href=\"https:\/\/moroccancosmetic.com\/fr\/ou-acheter-de-lhuile-dargan-au-maroc-le-guide-complet-pour-voyageurs-et-passionnes-de-beaute\/\" class=\"post-image-link\"><img loading=\"lazy\" decoding=\"async\" width=\"768\" height=\"456\" src=\"https:\/\/moroccancosmetic.com\/wp-content\/uploads\/2025\/07\/Where-to-Buy-Argan-Oil-768x456.jpg\" class=\"img-fluid squared attachment-medium size-medium img-fluid squared attachment-medium size-medium img-fluid squared attachment-medium size-medium img-fluid squared attachment-medium size-medium\" alt=\"Where to Buy Argan Oil\" srcset=\"https:\/\/moroccancosmetic.com\/wp-content\/uploads\/2025\/07\/Where-to-Buy-Argan-Oil-768x456.jpg 768w, https:\/\/moroccancosmetic.com\/wp-content\/uploads\/2025\/07\/Where-to-Buy-Argan-Oil-1170x694.jpg 1170w\" sizes=\"(max-width: 768px) 100vw, 768px\" \/><\/a><\/div><!-- .post-thumb --><div class=\"top-meta clearfix\"><ul class=\"nav top-meta-list meta-left\"><li><div class=\"post-author\"><a href=\"https:\/\/moroccancosmetic.com\/fr\/author\/123\/\"><span class=\"author-img\"><img alt='' src='https:\/\/secure.gravatar.com\/avatar\/b46a741e07fda7ae9eba4c44dcc2eb69c4d00a0edfd3931e9399e57ead85a31d?s=30&#038;d=mm&#038;r=g' srcset='https:\/\/secure.gravatar.com\/avatar\/b46a741e07fda7ae9eba4c44dcc2eb69c4d00a0edfd3931e9399e57ead85a31d?s=60&#038;d=mm&#038;r=g 2x' class='avatar avatar-30 photo rounded-circle' height='30' width='30' \/><\/span><span class=\"author-name\">Adil Aloui Fassi<\/span><\/a><\/div><\/li><li><div class=\"post-date\"><a href=\"https:\/\/moroccancosmetic.com\/fr\/2025\/07\/16\/\" ><i class=\"icon icon-calendar\"><\/i> juillet 16, 2025<\/a><\/div><\/li><\/ul><\/div><div class=\"entry-title\"><h3 class=\"post-title-head\"><a href=\"https:\/\/moroccancosmetic.com\/fr\/ou-acheter-de-lhuile-dargan-au-maroc-le-guide-complet-pour-voyageurs-et-passionnes-de-beaute\/\" class=\"post-title\">O\u00f9 Acheter de l\u2019Huile d\u2019Argan au Maroc : Le Guide Complet pour Voyageurs et Passionn\u00e9s de Beaut\u00e9<\/a><\/h3><\/div><!-- .entry-title --><div class=\"bottom-meta clearfix\"><\/div><\/div><!-- .blog-inner --><\/div><!-- .col \/ .owl-carousel-item \/ .isotope --><\/div><!-- .row --><div class=\"row\"><div class=\"col-lg-6 col-md-6\"><div class=\"blog-inner\"><div class=\"post-thumb\"><a href=\"https:\/\/moroccancosmetic.com\/fr\/le-guide-ultime-de-la-poudre-nila-bienfaits-utilisations-pour-la-peau-et-opportunites-de-vente-en-gros-au-maroc\/\" class=\"post-image-link\"><img loading=\"lazy\" decoding=\"async\" width=\"768\" height=\"456\" src=\"https:\/\/moroccancosmetic.com\/wp-content\/uploads\/2025\/07\/organic-argan-oil-768x456.jpg\" class=\"img-fluid squared attachment-medium size-medium img-fluid squared attachment-medium size-medium img-fluid squared attachment-medium size-medium img-fluid squared attachment-medium size-medium img-fluid squared attachment-medium size-medium\" alt=\"Benefits Nila Powder\" \/><\/a><\/div><!-- .post-thumb --><div class=\"top-meta clearfix\"><ul class=\"nav top-meta-list meta-left\"><li><div class=\"post-author\"><a href=\"https:\/\/moroccancosmetic.com\/fr\/author\/123\/\"><span class=\"author-img\"><img alt='' src='https:\/\/secure.gravatar.com\/avatar\/b46a741e07fda7ae9eba4c44dcc2eb69c4d00a0edfd3931e9399e57ead85a31d?s=30&#038;d=mm&#038;r=g' srcset='https:\/\/secure.gravatar.com\/avatar\/b46a741e07fda7ae9eba4c44dcc2eb69c4d00a0edfd3931e9399e57ead85a31d?s=60&#038;d=mm&#038;r=g 2x' class='avatar avatar-30 photo rounded-circle' height='30' width='30' \/><\/span><span class=\"author-name\">Adil Aloui Fassi<\/span><\/a><\/div><\/li><li><div class=\"post-date\"><a href=\"https:\/\/moroccancosmetic.com\/fr\/2025\/07\/16\/\" ><i class=\"icon icon-calendar\"><\/i> juillet 16, 2025<\/a><\/div><\/li><\/ul><\/div><div class=\"entry-title\"><h3 class=\"post-title-head\"><a href=\"https:\/\/moroccancosmetic.com\/fr\/le-guide-ultime-de-la-poudre-nila-bienfaits-utilisations-pour-la-peau-et-opportunites-de-vente-en-gros-au-maroc\/\" class=\"post-title\">Le Guide Ultime de la Poudre Nila : Bienfaits, Utilisations pour la Peau et Opportunit\u00e9s de Vente en Gros au Maroc<\/a><\/h3><\/div><!-- .entry-title --><div class=\"bottom-meta clearfix\"><\/div><\/div><!-- .blog-inner --><\/div><!-- .col \/ .owl-carousel-item \/ .isotope --><div class=\"col-lg-6 col-md-6\"><div class=\"blog-inner\"><div class=\"post-thumb\"><a href=\"https:\/\/moroccancosmetic.com\/fr\/pourquoi-les-spas-se-tournent-vers-ces-5-fournisseurs-de-produits-biologiques-en-gros\/\" class=\"post-image-link\"><img loading=\"lazy\" decoding=\"async\" width=\"763\" height=\"456\" src=\"https:\/\/moroccancosmetic.com\/wp-content\/uploads\/2025\/07\/Wholesale-Organic-Beauty-763x456.jpg\" class=\"img-fluid squared attachment-medium size-medium img-fluid squared attachment-medium size-medium img-fluid squared attachment-medium size-medium img-fluid squared attachment-medium size-medium img-fluid squared attachment-medium size-medium img-fluid squared attachment-medium size-medium\" alt=\"Spas using organic skincare products from top wholesale suppliers\" \/><\/a><\/div><!-- .post-thumb --><div class=\"top-meta clearfix\"><ul class=\"nav top-meta-list meta-left\"><li><div class=\"post-author\"><a href=\"https:\/\/moroccancosmetic.com\/fr\/author\/123\/\"><span class=\"author-img\"><img alt='' src='https:\/\/secure.gravatar.com\/avatar\/b46a741e07fda7ae9eba4c44dcc2eb69c4d00a0edfd3931e9399e57ead85a31d?s=30&#038;d=mm&#038;r=g' srcset='https:\/\/secure.gravatar.com\/avatar\/b46a741e07fda7ae9eba4c44dcc2eb69c4d00a0edfd3931e9399e57ead85a31d?s=60&#038;d=mm&#038;r=g 2x' class='avatar avatar-30 photo rounded-circle' height='30' width='30' \/><\/span><span class=\"author-name\">Adil Aloui Fassi<\/span><\/a><\/div><\/li><li><div class=\"post-date\"><a href=\"https:\/\/moroccancosmetic.com\/fr\/2025\/07\/20\/\" ><i class=\"icon icon-calendar\"><\/i> juillet 20, 2025<\/a><\/div><\/li><\/ul><\/div><div class=\"entry-title\"><h3 class=\"post-title-head\"><a href=\"https:\/\/moroccancosmetic.com\/fr\/pourquoi-les-spas-se-tournent-vers-ces-5-fournisseurs-de-produits-biologiques-en-gros\/\" class=\"post-title\">Pourquoi les spas se tournent vers ces 5 fournisseurs de produits biologiques en gros<\/a><\/h3><\/div><!-- .entry-title --><div class=\"bottom-meta clearfix\"><\/div><\/div><!-- .blog-inner --><\/div><!-- .col \/ .owl-carousel-item \/ .isotope --><\/div><!-- .row -->\t\t\t\n\t\t<\/div>\n\t\t\t\t<\/div>\n\t\t\t\t<\/div>\n\t\t\t\t\t<\/div>\n\t\t\t\t<\/div>\n\t\t\t\t<\/div>\n\t\t","protected":false},"excerpt":{"rendered":"<p>Adil Aloui Fassi January 7, 2025 Why Organic Moroccan Skincare Is Outselling Big Brands Adil..<\/p>\n","protected":false},"author":1,"featured_media":0,"parent":0,"menu_order":0,"comment_status":"closed","ping_status":"closed","template":"","meta":{"footnotes":""},"class_list":["post-93557","page","type-page","status-publish","hentry"],"yoast_head":"<!-- This site is optimized with the Yoast SEO Premium plugin v25.3 (Yoast SEO v27.4) - https:\/\/yoast.com\/product\/yoast-seo-premium-wordpress\/ -->\n<title>Blog - Moroccan organic Beauty Products Argan oil<\/title>\n<meta name=\"robots\" content=\"index, follow, max-snippet:-1, max-image-preview:large, max-video-preview:-1\" \/>\n<link rel=\"canonical\" href=\"https:\/\/moroccancosmetic.com\/fr\/blog\/\" \/>\n<meta property=\"og:locale\" content=\"fr_FR\" \/>\n<meta property=\"og:type\" content=\"article\" \/>\n<meta property=\"og:title\" content=\"Blog\" \/>\n<meta property=\"og:description\" content=\"Adil Aloui Fassi January 7, 2025 Why Organic Moroccan Skincare Is Outselling Big Brands Adil..\" \/>\n<meta property=\"og:url\" content=\"https:\/\/moroccancosmetic.com\/fr\/blog\/\" \/>\n<meta property=\"og:site_name\" content=\"Moroccan organic Beauty Products Argan oil\" \/>\n<meta property=\"article:publisher\" content=\"https:\/\/web.facebook.com\/profile.php?id=61576699202570\" \/>\n<meta property=\"article:modified_time\" content=\"2025-08-13T22:52:22+00:00\" \/>\n<meta property=\"og:image\" content=\"https:\/\/moroccancosmetic.com\/wp-content\/uploads\/2025\/01\/212121-768x456.jpg\" \/>\n<meta name=\"twitter:card\" content=\"summary_large_image\" \/>\n<meta name=\"twitter:label1\" content=\"Dur\u00e9e de lecture estim\u00e9e\" \/>\n\t<meta name=\"twitter:data1\" content=\"3 minutes\" \/>\n<script type=\"application\/ld+json\" class=\"yoast-schema-graph\">{\"@context\":\"https:\\\/\\\/schema.org\",\"@graph\":[{\"@type\":\"WebPage\",\"@id\":\"https:\\\/\\\/moroccancosmetic.com\\\/fr\\\/blog\\\/\",\"url\":\"https:\\\/\\\/moroccancosmetic.com\\\/fr\\\/blog\\\/\",\"name\":\"Blog - Moroccan organic Beauty Products Argan oil\",\"isPartOf\":{\"@id\":\"https:\\\/\\\/moroccancosmetic.com\\\/fr\\\/#website\"},\"primaryImageOfPage\":{\"@id\":\"https:\\\/\\\/moroccancosmetic.com\\\/fr\\\/blog\\\/#primaryimage\"},\"image\":{\"@id\":\"https:\\\/\\\/moroccancosmetic.com\\\/fr\\\/blog\\\/#primaryimage\"},\"thumbnailUrl\":\"https:\\\/\\\/moroccancosmetic.com\\\/wp-content\\\/uploads\\\/2025\\\/01\\\/212121-768x456.jpg\",\"datePublished\":\"2025-01-07T05:48:57+00:00\",\"dateModified\":\"2025-08-13T22:52:22+00:00\",\"breadcrumb\":{\"@id\":\"https:\\\/\\\/moroccancosmetic.com\\\/fr\\\/blog\\\/#breadcrumb\"},\"inLanguage\":\"fr-FR\",\"potentialAction\":[{\"@type\":\"ReadAction\",\"target\":[\"https:\\\/\\\/moroccancosmetic.com\\\/fr\\\/blog\\\/\"]}]},{\"@type\":\"ImageObject\",\"inLanguage\":\"fr-FR\",\"@id\":\"https:\\\/\\\/moroccancosmetic.com\\\/fr\\\/blog\\\/#primaryimage\",\"url\":\"https:\\\/\\\/moroccancosmetic.com\\\/wp-content\\\/uploads\\\/2025\\\/01\\\/212121-768x456.jpg\",\"contentUrl\":\"https:\\\/\\\/moroccancosmetic.com\\\/wp-content\\\/uploads\\\/2025\\\/01\\\/212121-768x456.jpg\"},{\"@type\":\"BreadcrumbList\",\"@id\":\"https:\\\/\\\/moroccancosmetic.com\\\/fr\\\/blog\\\/#breadcrumb\",\"itemListElement\":[{\"@type\":\"ListItem\",\"position\":1,\"name\":\"Accueil\",\"item\":\"https:\\\/\\\/moroccancosmetic.com\\\/fr\\\/\"},{\"@type\":\"ListItem\",\"position\":2,\"name\":\"Blog\"}]},{\"@type\":\"WebSite\",\"@id\":\"https:\\\/\\\/moroccancosmetic.com\\\/fr\\\/#website\",\"url\":\"https:\\\/\\\/moroccancosmetic.com\\\/fr\\\/\",\"name\":\"Moroccan Beauty Products\",\"description\":\"\",\"publisher\":{\"@id\":\"https:\\\/\\\/moroccancosmetic.com\\\/fr\\\/#organization\"},\"potentialAction\":[{\"@type\":\"SearchAction\",\"target\":{\"@type\":\"EntryPoint\",\"urlTemplate\":\"https:\\\/\\\/moroccancosmetic.com\\\/fr\\\/?s={search_term_string}\"},\"query-input\":{\"@type\":\"PropertyValueSpecification\",\"valueRequired\":true,\"valueName\":\"search_term_string\"}}],\"inLanguage\":\"fr-FR\"},{\"@type\":\"Organization\",\"@id\":\"https:\\\/\\\/moroccancosmetic.com\\\/fr\\\/#organization\",\"name\":\"Moroccan Beauty Products wholesale\",\"url\":\"https:\\\/\\\/moroccancosmetic.com\\\/fr\\\/\",\"logo\":{\"@type\":\"ImageObject\",\"inLanguage\":\"fr-FR\",\"@id\":\"https:\\\/\\\/moroccancosmetic.com\\\/fr\\\/#\\\/schema\\\/logo\\\/image\\\/\",\"url\":\"https:\\\/\\\/moroccancosmetic.com\\\/wp-content\\\/uploads\\\/2025\\\/06\\\/main-logo-Dark-img.png\",\"contentUrl\":\"https:\\\/\\\/moroccancosmetic.com\\\/wp-content\\\/uploads\\\/2025\\\/06\\\/main-logo-Dark-img.png\",\"width\":314,\"height\":94,\"caption\":\"Moroccan Beauty Products wholesale\"},\"image\":{\"@id\":\"https:\\\/\\\/moroccancosmetic.com\\\/fr\\\/#\\\/schema\\\/logo\\\/image\\\/\"},\"sameAs\":[\"https:\\\/\\\/web.facebook.com\\\/profile.php?id=61576699202570\",\"https:\\\/\\\/www.instagram.com\\\/moroccancosmetics.organic\\\/\"]}]}<\/script>\n<!-- \/ Yoast SEO Premium plugin. -->","yoast_head_json":{"title":"Blog - Moroccan organic Beauty Products Argan oil","robots":{"index":"index","follow":"follow","max-snippet":"max-snippet:-1","max-image-preview":"max-image-preview:large","max-video-preview":"max-video-preview:-1"},"canonical":"https:\/\/moroccancosmetic.com\/fr\/blog\/","og_locale":"fr_FR","og_type":"article","og_title":"Blog","og_description":"Adil Aloui Fassi January 7, 2025 Why Organic Moroccan Skincare Is Outselling Big Brands Adil..","og_url":"https:\/\/moroccancosmetic.com\/fr\/blog\/","og_site_name":"Moroccan organic Beauty Products Argan oil","article_publisher":"https:\/\/web.facebook.com\/profile.php?id=61576699202570","article_modified_time":"2025-08-13T22:52:22+00:00","og_image":[{"url":"https:\/\/moroccancosmetic.com\/wp-content\/uploads\/2025\/01\/212121-768x456.jpg","type":"","width":"","height":""}],"twitter_card":"summary_large_image","twitter_misc":{"Dur\u00e9e de lecture estim\u00e9e":"3 minutes"},"schema":{"@context":"https:\/\/schema.org","@graph":[{"@type":"WebPage","@id":"https:\/\/moroccancosmetic.com\/fr\/blog\/","url":"https:\/\/moroccancosmetic.com\/fr\/blog\/","name":"Blog - Moroccan organic Beauty Products Argan oil","isPartOf":{"@id":"https:\/\/moroccancosmetic.com\/fr\/#website"},"primaryImageOfPage":{"@id":"https:\/\/moroccancosmetic.com\/fr\/blog\/#primaryimage"},"image":{"@id":"https:\/\/moroccancosmetic.com\/fr\/blog\/#primaryimage"},"thumbnailUrl":"https:\/\/moroccancosmetic.com\/wp-content\/uploads\/2025\/01\/212121-768x456.jpg","datePublished":"2025-01-07T05:48:57+00:00","dateModified":"2025-08-13T22:52:22+00:00","breadcrumb":{"@id":"https:\/\/moroccancosmetic.com\/fr\/blog\/#breadcrumb"},"inLanguage":"fr-FR","potentialAction":[{"@type":"ReadAction","target":["https:\/\/moroccancosmetic.com\/fr\/blog\/"]}]},{"@type":"ImageObject","inLanguage":"fr-FR","@id":"https:\/\/moroccancosmetic.com\/fr\/blog\/#primaryimage","url":"https:\/\/moroccancosmetic.com\/wp-content\/uploads\/2025\/01\/212121-768x456.jpg","contentUrl":"https:\/\/moroccancosmetic.com\/wp-content\/uploads\/2025\/01\/212121-768x456.jpg"},{"@type":"BreadcrumbList","@id":"https:\/\/moroccancosmetic.com\/fr\/blog\/#breadcrumb","itemListElement":[{"@type":"ListItem","position":1,"name":"Accueil","item":"https:\/\/moroccancosmetic.com\/fr\/"},{"@type":"ListItem","position":2,"name":"Blog"}]},{"@type":"WebSite","@id":"https:\/\/moroccancosmetic.com\/fr\/#website","url":"https:\/\/moroccancosmetic.com\/fr\/","name":"Moroccan Beauty Products","description":"","publisher":{"@id":"https:\/\/moroccancosmetic.com\/fr\/#organization"},"potentialAction":[{"@type":"SearchAction","target":{"@type":"EntryPoint","urlTemplate":"https:\/\/moroccancosmetic.com\/fr\/?s={search_term_string}"},"query-input":{"@type":"PropertyValueSpecification","valueRequired":true,"valueName":"search_term_string"}}],"inLanguage":"fr-FR"},{"@type":"Organization","@id":"https:\/\/moroccancosmetic.com\/fr\/#organization","name":"Moroccan Beauty Products wholesale","url":"https:\/\/moroccancosmetic.com\/fr\/","logo":{"@type":"ImageObject","inLanguage":"fr-FR","@id":"https:\/\/moroccancosmetic.com\/fr\/#\/schema\/logo\/image\/","url":"https:\/\/moroccancosmetic.com\/wp-content\/uploads\/2025\/06\/main-logo-Dark-img.png","contentUrl":"https:\/\/moroccancosmetic.com\/wp-content\/uploads\/2025\/06\/main-logo-Dark-img.png","width":314,"height":94,"caption":"Moroccan Beauty Products wholesale"},"image":{"@id":"https:\/\/moroccancosmetic.com\/fr\/#\/schema\/logo\/image\/"},"sameAs":["https:\/\/web.facebook.com\/profile.php?id=61576699202570","https:\/\/www.instagram.com\/moroccancosmetics.organic\/"]}]}},"_links":{"self":[{"href":"https:\/\/moroccancosmetic.com\/fr\/wp-json\/wp\/v2\/pages\/93557","targetHints":{"allow":["GET"]}}],"collection":[{"href":"https:\/\/moroccancosmetic.com\/fr\/wp-json\/wp\/v2\/pages"}],"about":[{"href":"https:\/\/moroccancosmetic.com\/fr\/wp-json\/wp\/v2\/types\/page"}],"author":[{"embeddable":true,"href":"https:\/\/moroccancosmetic.com\/fr\/wp-json\/wp\/v2\/users\/1"}],"replies":[{"embeddable":true,"href":"https:\/\/moroccancosmetic.com\/fr\/wp-json\/wp\/v2\/comments?post=93557"}],"version-history":[{"count":0,"href":"https:\/\/moroccancosmetic.com\/fr\/wp-json\/wp\/v2\/pages\/93557\/revisions"}],"wp:attachment":[{"href":"https:\/\/moroccancosmetic.com\/fr\/wp-json\/wp\/v2\/media?parent=93557"}],"curies":[{"name":"wp","href":"https:\/\/api.w.org\/{rel}","templated":true}]}}