{"id":93943,"date":"2025-07-06T17:31:02","date_gmt":"2025-07-06T17:31:02","guid":{"rendered":"https:\/\/moroccancosmetic.com\/how-to-order\/"},"modified":"2025-08-14T20:53:01","modified_gmt":"2025-08-14T20:53:01","slug":"guide-pour-commander","status":"publish","type":"page","link":"https:\/\/moroccancosmetic.com\/fr\/guide-pour-commander\/","title":{"rendered":"Guide pour commander"},"content":{"rendered":"\t\t<div data-elementor-type=\"wp-page\" data-elementor-id=\"93943\" class=\"elementor elementor-93943 elementor-92591\" data-elementor-post-type=\"page\">\n\t\t\t\t<div class=\"elementor-element elementor-element-5071dd14 e-flex e-con-boxed text-reveal-no e-con e-parent\" data-id=\"5071dd14\" data-element_type=\"container\" data-e-type=\"container\">\n\t\t\t\t\t<div class=\"e-con-inner\">\n\t\t\t\t<div class=\"elementor-element elementor-element-352a2c8 elementor-widget elementor-widget-text-editor\" data-id=\"352a2c8\" data-element_type=\"widget\" data-e-type=\"widget\" data-widget_type=\"text-editor.default\">\n\t\t\t\t<div class=\"elementor-widget-container\">\n\t\t\t\t\t\t\t\t\t<p data-start=\"151\" data-end=\"183\"><strong data-start=\"151\" data-end=\"183\">Date d\u2019entr\u00e9e en vigueur : 6 juillet 2025<\/strong><\/p>\n<p data-start=\"185\" data-end=\"417\">Chez <strong data-start=\"188\" data-end=\"209\">Moroccan Cosmetic<\/strong>, commander nos produits de beaut\u00e9 marocains biologiques est simple et flexible. Que vous souhaitiez acheter des \u00e9chantillons, passer une commande en gros ou lancer votre propre marque blanche (private label), nous sommes l\u00e0 pour vous guider \u00e0 chaque \u00e9tape.<\/p>\n<p data-start=\"419\" data-end=\"574\"><strong data-start=\"422\" data-end=\"431\">E-mail<\/strong> : <a class=\"cursor-pointer\" rel=\"noopener\" data-start=\"433\" data-end=\"458\" data-abc=\"true\">info@moroccancosmetic.com<\/a><br data-start=\"458\" data-end=\"461\" \/><strong data-start=\"464\" data-end=\"482\">T\u00e9l\u00e9phone\/WhatsApp<\/strong> : +212 632-485055<br data-start=\"499\" data-end=\"502\" \/>Site web : <a class=\"\" href=\"https:\/\/moroccancosmetic.com\" target=\"_new\" rel=\"noopener\" data-start=\"514\" data-end=\"574\" data-abc=\"true\">https:\/\/moroccancosmetic.com<\/a><\/p>\n<hr data-start=\"576\" data-end=\"579\" \/>\n<h4 data-start=\"581\" data-end=\"616\"><span style=\"color: #99cc00;\">1. Processus de commande \u00e9tape par \u00e9tape<\/span><\/h4>\n<h4 data-start=\"618\" data-end=\"649\"><span style=\"color: #99cc00;\">\u00c9tape 1 : Parcourez nos produits<\/span><\/h4>\n<p data-start=\"650\" data-end=\"739\">Visitez notre site web et d\u00e9couvrez notre large gamme de <strong data-start=\"698\" data-end=\"727\">produits marocains biologiques<\/strong>, notamment :<\/p>\n<ul data-start=\"741\" data-end=\"861\">\n<li data-start=\"741\" data-end=\"754\">\n<p data--start=\"743\" data-end=\"754\">Huile d&rsquo;Argan<\/p>\n<\/li>\n<li data-start=\"755\" data-end=\"780\">\n<p data-start=\"757\" data-end=\"780\">Huile de P\u00e9pins de Figue de Barbarie<\/p>\n<\/li>\n<li data-start=\"781\" data-end=\"804\">\n<p data-start=\"783\" data-end=\"804\">Savon Noir Marocain<\/p>\n<\/li>\n<li data-start=\"805\" data-end=\"820\">\n<p data-start=\"807\" data-end=\"820\">Poudre de Nila<\/p>\n<\/li>\n<li data-start=\"821\" data-end=\"835\">\n<p data-start=\"823\" data-end=\"835\">Aker Fassi<\/p>\n<\/li>\n<li data-start=\"836\" data-end=\"850\">\n<p data-start=\"838\" data-end=\"850\">Eau de Rose<\/p>\n<\/li>\n<li data-start=\"851\" data-end=\"861\">\n<p data-start=\"853\" data-end=\"861\">Et bien d&rsquo;autres<\/p>\n<\/li>\n<\/ul>\n<p data-start=\"863\" data-end=\"945\">Vous pouvez \u00e9galement consulter les d\u00e9tails sur les <strong data-start=\"897\" data-end=\"913\">options de gros<\/strong> et les <strong data-start=\"918\" data-end=\"944\">services de marque blanche (private label)<\/strong>.<\/p>\n<hr data-start=\"947\" data-end=\"950\" \/>\n<h4 data-start=\"952\" data-end=\"979\"><span style=\"color: #99cc00;\">\u00c9tape 2 : Envoyez une demande<\/span><\/h4>\n<p data-start=\"980\" data-end=\"1023\">Une fois que vous avez s\u00e9lectionn\u00e9 les produits souhait\u00e9s :<\/p>\n<ul data-start=\"1025\" data-end=\"1187\">\n<li data-start=\"1025\" data-end=\"1073\">\n<p data-start=\"1027\" data-end=\"1073\">Remplissez le <strong data-start=\"1040\" data-end=\"1056\">formulaire de contact<\/strong> sur notre site web<\/p>\n<\/li>\n<li data-start=\"1074\" data-end=\"1131\">\n<p data-start=\"1076\" data-end=\"1131\">Ou envoyez-nous un e-mail directement \u00e0 <strong data-start=\"1100\" data-end=\"1129\"><a class=\"cursor-pointer\" rel=\"noopener\" data-start=\"1102\" data-end=\"1127\" data-abc=\"true\">info@moroccancosmetic.com<\/a><\/strong><\/p>\n<\/li>\n<li data-start=\"1132\" data-end=\"1187\">\n<p data-start=\"1134\" data-end=\"1187\">Ou envoyez-nous un message sur WhatsApp : <strong data-start=\"1168\" data-end=\"1187\">+212 632-485055<\/strong><\/p>\n<\/li>\n<\/ul>\n<p data-start=\"1189\" data-end=\"1223\">Veuillez inclure les informations suivantes :<\/p>\n<ul data-start=\"1224\" data-end=\"1365\">\n<li data-start=\"1224\" data-end=\"1241\">\n<p data-start=\"1226\" data-end=\"1241\">Nom du ou des produits<\/p>\n<\/li>\n<li data-start=\"1242\" data-end=\"1276\">\n<p data-start=\"1244\" data-end=\"1276\">Quantit\u00e9 souhait\u00e9e (ou s&rsquo;il s&rsquo;agit d&rsquo;un \u00e9chantillon)<\/p>\n<\/li>\n<li data-start=\"1277\" data-end=\"1325\">\n<p data-start=\"1279\" data-end=\"1325\">Votre pays et le nom de votre entreprise (le cas \u00e9ch\u00e9ant)<\/p>\n<\/li>\n<li data-start=\"1326\" data-end=\"1365\">\n<p data-start=\"1328\" data-end=\"1365\">Demande de personnalisation \/ marque blanche (s&rsquo;il y a lieu)<\/p>\n<\/li>\n<\/ul>\n<hr data-start=\"1367\" data-end=\"1370\" \/>\n<h4 data-start=\"1372\" data-end=\"1399\"><span style=\"color: #99cc00;\">\u00c9tape 3 : Recevez un devis<\/span><\/h4>\n<p data-start=\"1400\" data-end=\"1442\">Nous vous r\u00e9pondrons sous <strong data-start=\"1421\" data-end=\"1436\">24 \u00e0 48 heures<\/strong> avec :<\/p>\n<ul data-start=\"1443\" data-end=\"1523\">\n<li data-start=\"1443\" data-end=\"1462\">\n<p data-start=\"1445\" data-end=\"1462\">Le prix des produits<\/p>\n<\/li>\n<li data-start=\"1463\" data-end=\"1480\">\n<p data-start=\"1465\" data-end=\"1480\">Les frais de livraison<\/p>\n<\/li>\n<li data-start=\"1481\" data-end=\"1500\">\n<p data-start=\"1483\" data-end=\"1500\">Le d\u00e9lai de production<\/p>\n<\/li>\n<li data-start=\"1501\" data-end=\"1523\">\n<p data-start=\"1503\" data-end=\"1523\">Les instructions de paiement<\/p>\n<\/li>\n<\/ul>\n<p data-start=\"1525\" data-end=\"1615\">Nous pouvons \u00e9galement offrir des conseils professionnels si vous d\u00e9butez dans l&rsquo;achat en gros ou en marque blanche.<\/p>\n<hr data-start=\"1617\" data-end=\"1620\" \/>\n<h4 data-start=\"1622\" data-end=\"1649\"><span style=\"color: #99cc00;\">\u00c9tape 4 : Confirmez et payez<\/span><\/h4>\n<p data-start=\"1650\" data-end=\"1689\">Une fois la commande confirm\u00e9e, nous vous enverrons :<\/p>\n<ul data-start=\"1690\" data-end=\"1798\">\n<li data-start=\"1690\" data-end=\"1716\">\n<p data-start=\"1692\" data-end=\"1716\">Une <strong data-start=\"1694\" data-end=\"1714\">facture proforma<\/strong><\/p>\n<\/li>\n<li data-start=\"1717\" data-end=\"1798\">\n<p data-start=\"1719\" data-end=\"1798\">Nos <strong data-start=\"1723\" data-end=\"1742\">coordonn\u00e9es de paiement<\/strong> (virement bancaire, PayPal, WU, ou autres m\u00e9thodes disponibles)<\/p>\n<\/li>\n<\/ul>\n<p data-start=\"1800\" data-end=\"1849\">La production commence <strong data-start=\"1818\" data-end=\"1848\">apr\u00e8s la confirmation du paiement<\/strong>.<\/p>\n<hr data-start=\"1851\" data-end=\"1854\" \/>\n<h4 data-start=\"1856\" data-end=\"1890\"><span style=\"color: #99cc00;\">\u00c9tape 5 : Production et emballage<\/span><\/h4>\n<p data-start=\"1891\" data-end=\"1920\">Selon le type de votre commande :<\/p>\n<ul data-start=\"1921\" data-end=\"2052\">\n<li data-start=\"1921\" data-end=\"1955\">\n<p data-start=\"1923\" data-end=\"1955\"><strong data-start=\"1923\" data-end=\"1934\">\u00c9chantillons<\/strong> : Pr\u00eats en 1 \u00e0 3 jours<\/p>\n<\/li>\n<li data-start=\"1956\" data-end=\"1988\">\n<p data-start=\"1958\" data-end=\"1988\"><strong data-start=\"1958\" data-end=\"1966\">En gros<\/strong> : 3 \u00e0 10 jours ouvrables<\/p>\n<\/li>\n<li data-start=\"1989\" data-end=\"2052\">\n<p data-start=\"1991\" data-end=\"2052\"><strong data-start=\"1991\" data-end=\"2008\">Marque blanche<\/strong> : 7 \u00e0 15 jours ouvrables (apr\u00e8s approbation du design)<\/p>\n<\/li>\n<\/ul>\n<p data-start=\"2054\" data-end=\"2099\">Nous vous tiendrons inform\u00e9(e) tout au long de ce processus.<\/p>\n<hr data-start=\"2101\" data-end=\"2104\" \/>\n<h4 data-start=\"2106\" data-end=\"2137\"><span style=\"color: #99cc00;\">\u00c9tape 6 : Exp\u00e9dition et suivi<\/span><\/h4>\n<p data-start=\"2138\" data-end=\"2163\">Lorsque votre commande est pr\u00eate :<\/p>\n<ul data-start=\"2164\" data-end=\"2335\">\n<li data-start=\"2164\" data-end=\"2198\">\n<p data-start=\"2166\" data-end=\"2198\">Nous emballons soigneusement les produits<\/p>\n<\/li>\n<li data-start=\"2199\" data-end=\"2269\">\n<p data-start=\"2201\" data-end=\"2269\">Nous exp\u00e9dions via un transporteur international fiable (DHL, FedEx, Aramex, etc.)<\/p>\n<\/li>\n<li data-start=\"2270\" data-end=\"2335\">\n<p data-start=\"2272\" data-end=\"2335\">Nous vous envoyons le <strong data-start=\"2285\" data-end=\"2304\">num\u00e9ro de suivi<\/strong> et le <strong data-start=\"2309\" data-end=\"2335\">d\u00e9lai de livraison estim\u00e9<\/strong><\/p>\n<\/li>\n<\/ul>\n<hr data-start=\"2337\" data-end=\"2340\" \/>\n<h4 data-start=\"2342\" data-end=\"2378\"><span style=\"color: #99cc00;\">2. Quantit\u00e9s minimales de commande (QMC\/MOQ)<\/span><\/h4>\n<ul data-start=\"2380\" data-end=\"2547\">\n<li data-start=\"2380\" data-end=\"2417\">\n<p data-start=\"2382\" data-end=\"2417\"><strong data-start=\"2382\" data-end=\"2393\">\u00c9chantillons<\/strong> : Disponibles sur demande<\/p>\n<\/li>\n<li data-start=\"2418\" data-end=\"2467\">\n<p data-start=\"2420\" data-end=\"2467\"><strong data-start=\"2420\" data-end=\"2435\">Commandes en gros<\/strong> : QMC faible selon le produit<\/p>\n<\/li>\n<li data-start=\"2468\" data-end=\"2547\">\n<p data-start=\"2470\" data-end=\"2547\"><strong data-start=\"2470\" data-end=\"2494\">Commandes en marque blanche<\/strong> : La QMC varie en fonction de l&#8217;emballage et de la personnalisation<\/p>\n<\/li>\n<\/ul>\n<p data-start=\"2549\" data-end=\"2598\">Nous nous adaptons aux <strong data-start=\"2564\" data-end=\"2597\">petites entreprises et aux startups<\/strong>.<\/p>\n<hr data-start=\"2600\" data-end=\"2603\" \/>\n<h4 data-start=\"2605\" data-end=\"2642\"><span style=\"color: #99cc00;\">3. Personnalisation de marque et marque blanche<\/span><\/h4>\n<p data-start=\"2644\" data-end=\"2695\">Vous souhaitez lancer votre propre marque ? Nous proposons :<\/p>\n<ul data-start=\"2696\" data-end=\"2820\">\n<li data-start=\"2696\" data-end=\"2734\">\n<p data-start=\"2698\" data-end=\"2734\"><strong data-start=\"2698\" data-end=\"2734\">Un support pour la conception d&rsquo;\u00e9tiquettes et d&#8217;emballages<\/strong><\/p>\n<\/li>\n<li data-start=\"2735\" data-end=\"2780\">\n<p data-start=\"2737\" data-end=\"2780\"><strong data-start=\"2737\" data-end=\"2780\">Une vari\u00e9t\u00e9 de produits et des options de formulation<\/strong><\/p>\n<\/li>\n<li data-start=\"2781\" data-end=\"2820\">\n<p data-start=\"2783\" data-end=\"2820\"><strong data-start=\"2783\" data-end=\"2820\">Des QMC flexibles pour la marque blanche<\/strong><\/p>\n<\/li>\n<\/ul>\n<p data-start=\"2822\" data-end=\"2877\">Faites-nous part de votre vision \u2014 nous vous aiderons \u00e0 la concr\u00e9tiser.<\/p>\n<hr data-start=\"2879\" data-end=\"2882\" \/>\n<h4 data-start=\"2884\" data-end=\"2909\"><span style=\"color: #99cc00;\">4. Support et questions<\/span><\/h4>\n<p data-start=\"2911\" data-end=\"3007\">Nous sommes disponibles <strong data-start=\"2927\" data-end=\"2935\">24h\/24 et 7j\/7<\/strong> pour vous aider avec votre commande, vos questions ou vos id\u00e9es de projets. Contactez-nous via :<\/p>\n<p data-start=\"3009\" data-end=\"3141\">E-mail : <a class=\"cursor-pointer\" rel=\"noopener\" data-start=\"3019\" data-end=\"3044\" data-abc=\"true\">info@moroccancosmetic.com<\/a><br data-start=\"3044\" data-end=\"3047\" \/>WhatsApp : +212 632-485055<br data-start=\"3075\" data-end=\"3078\" \/><a class=\"\" href=\"https:\/\/moroccancosmetic.com\" target=\"_new\" rel=\"noopener\" data-start=\"3081\" data-end=\"3141\" data-abc=\"true\">https:\/\/moroccancosmetic.com<\/a><\/p>\n<hr data-start=\"3143\" data-end=\"3146\" \/>\n<p data-start=\"3148\" data-end=\"3198\" data-is-last-node=\"\" data-is-only-node=\"\"><strong data-start=\"3148\" data-end=\"3198\" data-is-last-node=\"\">\u00a9 2025 Moroccan Cosmetic. Tous droits r\u00e9serv\u00e9s.<\/strong><\/p>\t\t\t\t\t\t\t\t<\/div>\n\t\t\t\t<\/div>\n\t\t\t\t\t<\/div>\n\t\t\t\t<\/div>\n\t\t\t\t<\/div>\n\t\t","protected":false},"excerpt":{"rendered":"<p>Date d\u2019entr\u00e9e en vigueur : 6 juillet 2025 Chez Moroccan Cosmetic, commander nos produits de beaut\u00e9 marocains biologiques est simple et flexible. Que vous souhaitiez acheter des..<\/p>\n","protected":false},"author":1,"featured_media":0,"parent":0,"menu_order":0,"comment_status":"closed","ping_status":"closed","template":"","meta":{"footnotes":""},"class_list":["post-93943","page","type-page","status-publish","hentry"],"yoast_head":"<!-- This site is optimized with the Yoast SEO Premium plugin v25.3 (Yoast SEO v27.4) - https:\/\/yoast.com\/product\/yoast-seo-premium-wordpress\/ -->\n<title>Guide pour commander - Moroccan organic Beauty Products Argan oil<\/title>\n<meta name=\"robots\" content=\"index, follow, max-snippet:-1, max-image-preview:large, max-video-preview:-1\" \/>\n<link rel=\"canonical\" href=\"https:\/\/moroccancosmetic.com\/fr\/guide-pour-commander\/\" \/>\n<meta property=\"og:locale\" content=\"fr_FR\" \/>\n<meta property=\"og:type\" content=\"article\" \/>\n<meta property=\"og:title\" content=\"Guide pour commander\" \/>\n<meta property=\"og:description\" content=\"Date d\u2019entr\u00e9e en vigueur : 6 juillet 2025 Chez Moroccan Cosmetic, commander nos produits de beaut\u00e9 marocains biologiques est simple et flexible. Que vous souhaitiez acheter des..\" \/>\n<meta property=\"og:url\" content=\"https:\/\/moroccancosmetic.com\/fr\/guide-pour-commander\/\" \/>\n<meta property=\"og:site_name\" content=\"Moroccan organic Beauty Products Argan oil\" \/>\n<meta property=\"article:publisher\" content=\"https:\/\/web.facebook.com\/profile.php?id=61576699202570\" \/>\n<meta property=\"article:modified_time\" content=\"2025-08-14T20:53:01+00:00\" \/>\n<meta property=\"og:image\" content=\"https:\/\/moroccancosmetic.com\/wp-content\/uploads\/2024\/12\/organic-argan-oil-wholesale-1.jpg\" \/>\n\t<meta property=\"og:image:width\" content=\"1091\" \/>\n\t<meta property=\"og:image:height\" content=\"500\" \/>\n\t<meta property=\"og:image:type\" content=\"image\/jpeg\" \/>\n<meta name=\"twitter:card\" content=\"summary_large_image\" \/>\n<meta name=\"twitter:label1\" content=\"Dur\u00e9e de lecture estim\u00e9e\" \/>\n\t<meta name=\"twitter:data1\" content=\"3 minutes\" \/>\n<script type=\"application\/ld+json\" class=\"yoast-schema-graph\">{\"@context\":\"https:\\\/\\\/schema.org\",\"@graph\":[{\"@type\":\"WebPage\",\"@id\":\"https:\\\/\\\/moroccancosmetic.com\\\/fr\\\/guide-pour-commander\\\/\",\"url\":\"https:\\\/\\\/moroccancosmetic.com\\\/fr\\\/guide-pour-commander\\\/\",\"name\":\"Guide pour commander - Moroccan organic Beauty Products Argan oil\",\"isPartOf\":{\"@id\":\"https:\\\/\\\/moroccancosmetic.com\\\/fr\\\/#website\"},\"datePublished\":\"2025-07-06T17:31:02+00:00\",\"dateModified\":\"2025-08-14T20:53:01+00:00\",\"breadcrumb\":{\"@id\":\"https:\\\/\\\/moroccancosmetic.com\\\/fr\\\/guide-pour-commander\\\/#breadcrumb\"},\"inLanguage\":\"fr-FR\",\"potentialAction\":[{\"@type\":\"ReadAction\",\"target\":[\"https:\\\/\\\/moroccancosmetic.com\\\/fr\\\/guide-pour-commander\\\/\"]}]},{\"@type\":\"BreadcrumbList\",\"@id\":\"https:\\\/\\\/moroccancosmetic.com\\\/fr\\\/guide-pour-commander\\\/#breadcrumb\",\"itemListElement\":[{\"@type\":\"ListItem\",\"position\":1,\"name\":\"Accueil\",\"item\":\"https:\\\/\\\/moroccancosmetic.com\\\/fr\\\/\"},{\"@type\":\"ListItem\",\"position\":2,\"name\":\"Guide pour commander\"}]},{\"@type\":\"WebSite\",\"@id\":\"https:\\\/\\\/moroccancosmetic.com\\\/fr\\\/#website\",\"url\":\"https:\\\/\\\/moroccancosmetic.com\\\/fr\\\/\",\"name\":\"Moroccan Beauty Products\",\"description\":\"\",\"publisher\":{\"@id\":\"https:\\\/\\\/moroccancosmetic.com\\\/fr\\\/#organization\"},\"potentialAction\":[{\"@type\":\"SearchAction\",\"target\":{\"@type\":\"EntryPoint\",\"urlTemplate\":\"https:\\\/\\\/moroccancosmetic.com\\\/fr\\\/?s={search_term_string}\"},\"query-input\":{\"@type\":\"PropertyValueSpecification\",\"valueRequired\":true,\"valueName\":\"search_term_string\"}}],\"inLanguage\":\"fr-FR\"},{\"@type\":\"Organization\",\"@id\":\"https:\\\/\\\/moroccancosmetic.com\\\/fr\\\/#organization\",\"name\":\"Moroccan Beauty Products wholesale\",\"url\":\"https:\\\/\\\/moroccancosmetic.com\\\/fr\\\/\",\"logo\":{\"@type\":\"ImageObject\",\"inLanguage\":\"fr-FR\",\"@id\":\"https:\\\/\\\/moroccancosmetic.com\\\/fr\\\/#\\\/schema\\\/logo\\\/image\\\/\",\"url\":\"https:\\\/\\\/moroccancosmetic.com\\\/wp-content\\\/uploads\\\/2025\\\/06\\\/main-logo-Dark-img.png\",\"contentUrl\":\"https:\\\/\\\/moroccancosmetic.com\\\/wp-content\\\/uploads\\\/2025\\\/06\\\/main-logo-Dark-img.png\",\"width\":314,\"height\":94,\"caption\":\"Moroccan Beauty Products wholesale\"},\"image\":{\"@id\":\"https:\\\/\\\/moroccancosmetic.com\\\/fr\\\/#\\\/schema\\\/logo\\\/image\\\/\"},\"sameAs\":[\"https:\\\/\\\/web.facebook.com\\\/profile.php?id=61576699202570\",\"https:\\\/\\\/www.instagram.com\\\/moroccancosmetics.organic\\\/\"]}]}<\/script>\n<!-- \/ Yoast SEO Premium plugin. -->","yoast_head_json":{"title":"Guide pour commander - Moroccan organic Beauty Products Argan oil","robots":{"index":"index","follow":"follow","max-snippet":"max-snippet:-1","max-image-preview":"max-image-preview:large","max-video-preview":"max-video-preview:-1"},"canonical":"https:\/\/moroccancosmetic.com\/fr\/guide-pour-commander\/","og_locale":"fr_FR","og_type":"article","og_title":"Guide pour commander","og_description":"Date d\u2019entr\u00e9e en vigueur : 6 juillet 2025 Chez Moroccan Cosmetic, commander nos produits de beaut\u00e9 marocains biologiques est simple et flexible. Que vous souhaitiez acheter des..","og_url":"https:\/\/moroccancosmetic.com\/fr\/guide-pour-commander\/","og_site_name":"Moroccan organic Beauty Products Argan oil","article_publisher":"https:\/\/web.facebook.com\/profile.php?id=61576699202570","article_modified_time":"2025-08-14T20:53:01+00:00","og_image":[{"width":1091,"height":500,"url":"https:\/\/moroccancosmetic.com\/wp-content\/uploads\/2024\/12\/organic-argan-oil-wholesale-1.jpg","type":"image\/jpeg"}],"twitter_card":"summary_large_image","twitter_misc":{"Dur\u00e9e de lecture estim\u00e9e":"3 minutes"},"schema":{"@context":"https:\/\/schema.org","@graph":[{"@type":"WebPage","@id":"https:\/\/moroccancosmetic.com\/fr\/guide-pour-commander\/","url":"https:\/\/moroccancosmetic.com\/fr\/guide-pour-commander\/","name":"Guide pour commander - Moroccan organic Beauty Products Argan oil","isPartOf":{"@id":"https:\/\/moroccancosmetic.com\/fr\/#website"},"datePublished":"2025-07-06T17:31:02+00:00","dateModified":"2025-08-14T20:53:01+00:00","breadcrumb":{"@id":"https:\/\/moroccancosmetic.com\/fr\/guide-pour-commander\/#breadcrumb"},"inLanguage":"fr-FR","potentialAction":[{"@type":"ReadAction","target":["https:\/\/moroccancosmetic.com\/fr\/guide-pour-commander\/"]}]},{"@type":"BreadcrumbList","@id":"https:\/\/moroccancosmetic.com\/fr\/guide-pour-commander\/#breadcrumb","itemListElement":[{"@type":"ListItem","position":1,"name":"Accueil","item":"https:\/\/moroccancosmetic.com\/fr\/"},{"@type":"ListItem","position":2,"name":"Guide pour commander"}]},{"@type":"WebSite","@id":"https:\/\/moroccancosmetic.com\/fr\/#website","url":"https:\/\/moroccancosmetic.com\/fr\/","name":"Moroccan Beauty Products","description":"","publisher":{"@id":"https:\/\/moroccancosmetic.com\/fr\/#organization"},"potentialAction":[{"@type":"SearchAction","target":{"@type":"EntryPoint","urlTemplate":"https:\/\/moroccancosmetic.com\/fr\/?s={search_term_string}"},"query-input":{"@type":"PropertyValueSpecification","valueRequired":true,"valueName":"search_term_string"}}],"inLanguage":"fr-FR"},{"@type":"Organization","@id":"https:\/\/moroccancosmetic.com\/fr\/#organization","name":"Moroccan Beauty Products wholesale","url":"https:\/\/moroccancosmetic.com\/fr\/","logo":{"@type":"ImageObject","inLanguage":"fr-FR","@id":"https:\/\/moroccancosmetic.com\/fr\/#\/schema\/logo\/image\/","url":"https:\/\/moroccancosmetic.com\/wp-content\/uploads\/2025\/06\/main-logo-Dark-img.png","contentUrl":"https:\/\/moroccancosmetic.com\/wp-content\/uploads\/2025\/06\/main-logo-Dark-img.png","width":314,"height":94,"caption":"Moroccan Beauty Products wholesale"},"image":{"@id":"https:\/\/moroccancosmetic.com\/fr\/#\/schema\/logo\/image\/"},"sameAs":["https:\/\/web.facebook.com\/profile.php?id=61576699202570","https:\/\/www.instagram.com\/moroccancosmetics.organic\/"]}]}},"_links":{"self":[{"href":"https:\/\/moroccancosmetic.com\/fr\/wp-json\/wp\/v2\/pages\/93943","targetHints":{"allow":["GET"]}}],"collection":[{"href":"https:\/\/moroccancosmetic.com\/fr\/wp-json\/wp\/v2\/pages"}],"about":[{"href":"https:\/\/moroccancosmetic.com\/fr\/wp-json\/wp\/v2\/types\/page"}],"author":[{"embeddable":true,"href":"https:\/\/moroccancosmetic.com\/fr\/wp-json\/wp\/v2\/users\/1"}],"replies":[{"embeddable":true,"href":"https:\/\/moroccancosmetic.com\/fr\/wp-json\/wp\/v2\/comments?post=93943"}],"version-history":[{"count":0,"href":"https:\/\/moroccancosmetic.com\/fr\/wp-json\/wp\/v2\/pages\/93943\/revisions"}],"wp:attachment":[{"href":"https:\/\/moroccancosmetic.com\/fr\/wp-json\/wp\/v2\/media?parent=93943"}],"curies":[{"name":"wp","href":"https:\/\/api.w.org\/{rel}","templated":true}]}}