{"id":93960,"date":"2025-07-06T17:15:28","date_gmt":"2025-07-06T17:15:28","guid":{"rendered":"https:\/\/moroccancosmetic.com\/shipping-delivery-information\/"},"modified":"2025-08-14T20:56:46","modified_gmt":"2025-08-14T20:56:46","slug":"informations-sur-lexpedition-et-la-livraison","status":"publish","type":"page","link":"https:\/\/moroccancosmetic.com\/fr\/informations-sur-lexpedition-et-la-livraison\/","title":{"rendered":"Informations sur l\u2019exp\u00e9dition et la livraison"},"content":{"rendered":"\t\t<div data-elementor-type=\"wp-page\" data-elementor-id=\"93960\" class=\"elementor elementor-93960 elementor-92579\" data-elementor-post-type=\"page\">\n\t\t\t\t<div class=\"elementor-element elementor-element-5071dd14 e-flex e-con-boxed text-reveal-no e-con e-parent\" data-id=\"5071dd14\" data-element_type=\"container\" data-e-type=\"container\">\n\t\t\t\t\t<div class=\"e-con-inner\">\n\t\t\t\t<div class=\"elementor-element elementor-element-352a2c8 elementor-widget elementor-widget-text-editor\" data-id=\"352a2c8\" data-element_type=\"widget\" data-e-type=\"widget\" data-widget_type=\"text-editor.default\">\n\t\t\t\t<div class=\"elementor-widget-container\">\n\t\t\t\t\t\t\t\t\t<p data-start=\"170\" data-end=\"202\"><strong data-start=\"170\" data-end=\"202\">Date d\u2019entr\u00e9e en vigueur : 6 juillet 2025<\/strong><\/p>\n<p data-start=\"204\" data-end=\"441\">Chez <strong data-start=\"207\" data-end=\"228\">Moroccan Cosmetic<\/strong>, nous sommes fiers de proposer la <strong data-start=\"247\" data-end=\"269\">livraison dans le monde entier<\/strong> pour nos produits de beaut\u00e9 marocains biologiques haut de gamme. Que vous soyez une petite entreprise ou un grand distributeur, notre objectif est de livrer vos commandes de mani\u00e8re s\u00fbre, rapide et professionnelle.<\/p>\n<p data-start=\"443\" data-end=\"589\"><strong data-start=\"446\" data-end=\"455\">E-mail<\/strong> : <a class=\"cursor-pointer\" rel=\"noopener\" data-start=\"457\" data-end=\"482\">info@moroccancosmetic.com<\/a><br data-start=\"482\" data-end=\"485\" \/><strong data-start=\"488\" data-end=\"497\">T\u00e9l\u00e9phone<\/strong> : +212 632-485055<br data-start=\"514\" data-end=\"517\" \/>Site web : <a class=\"\" href=\"https:\/\/moroccancosmetic.com\" target=\"_new\" rel=\"noopener\" data-start=\"529\" data-end=\"589\">https:\/\/moroccancosmetic.com<\/a><\/p>\n<hr data-start=\"591\" data-end=\"594\" \/>\n<h4 data-start=\"596\" data-end=\"620\"><span style=\"color: #99cc00;\">1. Zones de livraison<\/span><\/h4>\n<p data-start=\"622\" data-end=\"676\">Nous exp\u00e9dions dans la plupart des pays du monde, y compris :<\/p>\n<ul data-start=\"678\" data-end=\"820\">\n<li data-start=\"678\" data-end=\"687\">\n<p data-start=\"680\" data-end=\"687\"><strong data-start=\"680\" data-end=\"687\">\u00c9tats-Unis<\/strong><\/p>\n<\/li>\n<li data-start=\"688\" data-end=\"713\">\n<p data-start=\"690\" data-end=\"713\"><strong data-start=\"690\" data-end=\"713\">Union europ\u00e9enne (UE)<\/strong><\/p>\n<\/li>\n<li data-start=\"714\" data-end=\"740\">\n<p data-start=\"716\" data-end=\"740\"><strong data-start=\"716\" data-end=\"740\">Pays du Golfe (CCG)<\/strong><\/p>\n<\/li>\n<li data-start=\"741\" data-end=\"761\">\n<p data-start=\"743\" data-end=\"761\"><strong data-start=\"743\" data-end=\"761\">Royaume-Uni<\/strong><\/p>\n<\/li>\n<li data-start=\"762\" data-end=\"781\">\n<p data-start=\"764\" data-end=\"781\"><strong data-start=\"764\" data-end=\"781\">Afrique et Asie<\/strong><\/p>\n<\/li>\n<li data-start=\"782\" data-end=\"820\">\n<p data-start=\"784\" data-end=\"820\">Et autres destinations internationales<\/p>\n<\/li>\n<\/ul>\n<p data-start=\"822\" data-end=\"920\">Si vous n&rsquo;\u00eates pas s\u00fbr(e) que nous puissions livrer \u00e0 votre adresse, veuillez nous contacter avant de passer commande.<\/p>\n<hr data-start=\"922\" data-end=\"925\" \/>\n<h4 data-start=\"927\" data-end=\"948\"><span style=\"color: #99cc00;\">2. D\u00e9lais de traitement<\/span><\/h4>\n<ul data-start=\"950\" data-end=\"1163\">\n<li data-start=\"950\" data-end=\"988\">\n<p data-start=\"952\" data-end=\"988\"><strong data-start=\"952\" data-end=\"969\">Commandes d&rsquo;\u00e9chantillons<\/strong> : 1 \u00e0 3 jours ouvrables<\/p>\n<\/li>\n<li data-start=\"989\" data-end=\"1067\">\n<p data-start=\"991\" data-end=\"1067\"><strong data-start=\"991\" data-end=\"1006\">Commandes en gros<\/strong> : 3 \u00e0 10 jours ouvrables (selon le produit et la personnalisation)<\/p>\n<\/li>\n<li data-start=\"1068\" data-end=\"1163\">\n<p data-start=\"1070\" data-end=\"1163\"><strong data-start=\"1070\" data-end=\"1094\">Commandes en marque blanche (private label)<\/strong> : 7 \u00e0 15 jours ouvrables (apr\u00e8s approbation finale de la marque et de l&#8217;emballage)<\/p>\n<\/li>\n<\/ul>\n<p data-start=\"1165\" data-end=\"1210\">La production commence apr\u00e8s la confirmation du paiement.<\/p>\n<hr data-start=\"1212\" data-end=\"1215\" \/>\n<h4 data-start=\"1217\" data-end=\"1239\"><span style=\"color: #99cc00;\">3. M\u00e9thodes d&rsquo;exp\u00e9dition<\/span><\/h4>\n<p data-start=\"1241\" data-end=\"1293\">Nous travaillons avec des transporteurs internationaux de confiance tels que :<\/p>\n<ul data-start=\"1295\" data-end=\"1389\">\n<li data-start=\"1295\" data-end=\"1300\">\n<p data-start=\"1297\" data-end=\"1300\">DHL<\/p>\n<\/li>\n<li data-start=\"1301\" data-end=\"1308\">\n<p data-start=\"1303\" data-end=\"1308\">FedEx<\/p>\n<\/li>\n<li data-start=\"1309\" data-end=\"1314\">\n<p data-start=\"1311\" data-end=\"1314\">UPS<\/p>\n<\/li>\n<li data-start=\"1315\" data-end=\"1323\">\n<p data-start=\"1317\" data-end=\"1323\">Aramex<\/p>\n<\/li>\n<li data-start=\"1324\" data-end=\"1389\">\n<p data-start=\"1326\" data-end=\"1389\">EMS et transitaires locaux (pour les palettes\/conteneurs de grande taille)<\/p>\n<\/li>\n<\/ul>\n<p data-start=\"1391\" data-end=\"1463\">Vous pouvez demander un transporteur sp\u00e9cifique ou proposer votre propre partenaire logistique.<\/p>\n<hr data-start=\"1465\" data-end=\"1468\" \/>\n<h4 data-start=\"1470\" data-end=\"1500\"><span style=\"color: #99cc00;\">4. D\u00e9lais de livraison estim\u00e9s<\/span><\/h4>\n<p data-start=\"1502\" data-end=\"1564\">Le d\u00e9lai de livraison varie en fonction de la destination et de la m\u00e9thode d&rsquo;exp\u00e9dition :<\/p>\n<div class=\"_tableContainer_80l1q_1\">\n<div class=\"_tableWrapper_80l1q_14 group flex w-fit flex-col-reverse\" tabindex=\"-1\">\n<table class=\"w-fit min-w-(--thread-content-width)\" data-start=\"1566\" data-end=\"1899\">\n<thead data-start=\"1566\" data-end=\"1612\">\n<tr data-start=\"1566\" data-end=\"1612\">\n<th data-start=\"1566\" data-end=\"1586\" data-col-size=\"sm\"><strong data-start=\"1568\" data-end=\"1578\">R\u00e9gion<\/strong><\/th>\n<th data-start=\"1586\" data-end=\"1612\" data-col-size=\"sm\"><strong data-start=\"1588\" data-end=\"1610\">Livraison estim\u00e9e<\/strong><\/th>\n<\/tr>\n<\/thead>\n<tbody data-start=\"1660\" data-end=\"1899\">\n<tr data-start=\"1660\" data-end=\"1707\">\n<td data-start=\"1660\" data-end=\"1680\" data-col-size=\"sm\">Maroc<\/td>\n<td data-start=\"1680\" data-end=\"1707\" data-col-size=\"sm\">1 \u00e0 3 jours ouvrables<\/td>\n<\/tr>\n<tr data-start=\"1708\" data-end=\"1755\">\n<td data-start=\"1708\" data-end=\"1728\" data-col-size=\"sm\">Europe<\/td>\n<td data-start=\"1728\" data-end=\"1755\" data-col-size=\"sm\">3 \u00e0 7 jours ouvrables<\/td>\n<\/tr>\n<tr data-start=\"1756\" data-end=\"1803\">\n<td data-start=\"1756\" data-end=\"1776\" data-col-size=\"sm\">\u00c9tats-Unis et Canada<\/td>\n<td data-start=\"1776\" data-end=\"1803\" data-col-size=\"sm\">5 \u00e0 9 jours ouvrables<\/td>\n<\/tr>\n<tr data-start=\"1804\" data-end=\"1851\">\n<td data-start=\"1804\" data-end=\"1824\" data-col-size=\"sm\">CCG et Moyen-Orient<\/td>\n<td data-start=\"1824\" data-end=\"1851\" data-col-size=\"sm\">4 \u00e0 8 jours ouvrables<\/td>\n<\/tr>\n<tr data-start=\"1852\" data-end=\"1899\">\n<td data-start=\"1852\" data-end=\"1872\" data-col-size=\"sm\">Asie et Australie<\/td>\n<td data-start=\"1872\" data-end=\"1899\" data-col-size=\"sm\">6 \u00e0 12 jours ouvrables<\/td>\n<\/tr>\n<\/tbody>\n<\/table>\n<div class=\"sticky end-(--thread-content-margin) h-0 self-end select-none\">\n<div class=\"absolute end-0 flex items-end\">\u00a0<\/div>\n<\/div>\n<\/div>\n<\/div>\n<p data-start=\"1901\" data-end=\"1983\"><em data-start=\"1901\" data-end=\"1983\">Des retards peuvent survenir en raison des inspections douani\u00e8res, des jours f\u00e9ri\u00e9s ou des zones de livraison \u00e9loign\u00e9es.<\/em><\/p>\n<hr data-start=\"1985\" data-end=\"1988\" \/>\n<h4 data-start=\"1990\" data-end=\"2010\"><span style=\"color: #99cc00;\">5. Frais de livraison<\/span><\/h4>\n<p data-start=\"2012\" data-end=\"2037\">Les frais de livraison d\u00e9pendent des \u00e9l\u00e9ments suivants :<\/p>\n<ul data-start=\"2039\" data-end=\"2126\">\n<li data-start=\"2039\" data-end=\"2060\">\n<p data-start=\"2041\" data-end=\"2060\">Pays de destination<\/p>\n<\/li>\n<li data-start=\"2061\" data-end=\"2091\">\n<p data-start=\"2063\" data-end=\"2091\">Poids et volume de la commande<\/p>\n<\/li>\n<li data-start=\"2092\" data-end=\"2108\">\n<p data-start=\"2094\" data-end=\"2108\">Rapidit\u00e9 de l&rsquo;exp\u00e9dition<\/p>\n<\/li>\n<li data-start=\"2109\" data-end=\"2126\">\n<p data-start=\"2111\" data-end=\"2126\">Service de transport<\/p>\n<\/li>\n<\/ul>\n<p data-start=\"2128\" data-end=\"2277\">Nous vous fournirons un <strong data-start=\"2146\" data-end=\"2164\">devis de livraison<\/strong> avant de finaliser votre commande. Pour les commandes en gros, une exp\u00e9dition par fret a\u00e9rien ou maritime peut \u00eatre organis\u00e9e pour r\u00e9duire les co\u00fbts.<\/p>\n<hr data-start=\"2279\" data-end=\"2282\" \/>\n<h4 data-start=\"2284\" data-end=\"2320\"><span style=\"color: #99cc00;\">6. Douanes, droits et taxes d&rsquo;importation<\/span><\/h4>\n<ul data-start=\"2322\" data-end=\"2624\">\n<li data-start=\"2322\" data-end=\"2445\">\n<p data-start=\"2324\" data-end=\"2445\">Les commandes internationales peuvent \u00eatre soumises \u00e0 des <strong data-start=\"2363\" data-end=\"2403\">droits de douane, \u00e0 la TVA ou \u00e0 des taxes d&rsquo;importation<\/strong>, selon la r\u00e9glementation de votre pays.<\/p>\n<\/li>\n<li data-start=\"2446\" data-end=\"2552\">\n<p data-start=\"2448\" data-end=\"2552\">Ces frais ne sont <strong data-start=\"2466\" data-end=\"2482\">pas inclus<\/strong> dans nos prix de produits ou de livraison et sont \u00e0 la charge de l&rsquo;acheteur.<\/p>\n<\/li>\n<li data-start=\"2553\" data-end=\"2624\">\n<p data-start=\"2555\" data-end=\"2624\">Veuillez consulter les autorit\u00e9s douani\u00e8res locales pour conna\u00eetre les directives d&rsquo;importation.<\/p>\n<\/li>\n<\/ul>\n<hr data-start=\"2626\" data-end=\"2629\" \/>\n<h4 data-start=\"2631\" data-end=\"2656\"><span style=\"color: #99cc00;\">7. Suivi de votre commande<\/span><\/h4>\n<p data-start=\"2658\" data-end=\"2703\">Une fois votre commande exp\u00e9di\u00e9e, vous recevrez :<\/p>\n<ul data-start=\"2705\" data-end=\"2797\">\n<li data-start=\"2705\" data-end=\"2728\">\n<p data-start=\"2707\" data-end=\"2728\">Un <strong data-start=\"2709\" data-end=\"2728\">num\u00e9ro de suivi<\/strong><\/p>\n<\/li>\n<li data-start=\"2729\" data-end=\"2751\">\n<p data-start=\"2731\" data-end=\"2751\">Le <strong data-start=\"2735\" data-end=\"2751\">nom du transporteur<\/strong><\/p>\n<\/li>\n<li data-start=\"2752\" data-end=\"2797\">\n<p data-start=\"2754\" data-end=\"2797\">Un <strong data-start=\"2756\" data-end=\"2764\">lien<\/strong> pour suivre l&rsquo;avancement de la livraison<\/p>\n<\/li>\n<\/ul>\n<hr data-start=\"2799\" data-end=\"2802\" \/>\n<h4 data-start=\"2804\" data-end=\"2835\"><span style=\"color: #99cc00;\">8. Envois perdus ou retard\u00e9s<\/span><\/h4>\n<p data-start=\"2837\" data-end=\"2936\">Bien que nous assurions un emballage s\u00e9curis\u00e9 et une exp\u00e9dition rapide, Moroccan Cosmetic n&rsquo;est <strong data-start=\"2912\" data-end=\"2931\">pas responsable<\/strong> :<\/p>\n<ul data-start=\"2938\" data-end=\"3076\">\n<li data-start=\"2938\" data-end=\"3013\">\n<p data-start=\"2940\" data-end=\"3013\">Des retards de livraison caus\u00e9s par les douanes, les services de transport ou des \u00e9v\u00e9nements impr\u00e9vus<\/p>\n<\/li>\n<li data-start=\"3014\" data-end=\"3076\">\n<p data-start=\"3016\" data-end=\"3076\">Des colis perdus en raison d&rsquo;une adresse incorrecte fournie par l&rsquo;acheteur<\/p>\n<\/li>\n<\/ul>\n<p data-start=\"3078\" data-end=\"3148\">Veuillez vous assurer que vos coordonn\u00e9es de livraison sont exactes au moment de la commande.<\/p>\n<hr data-start=\"3150\" data-end=\"3153\" \/>\n<h4 data-start=\"3155\" data-end=\"3174\"><span style=\"color: #99cc00;\">9. Marchandises endommag\u00e9es<\/span><\/h4>\n<p data-start=\"3176\" data-end=\"3208\">Si votre colis arrive endommag\u00e9 :<\/p>\n<ol data-start=\"3210\" data-end=\"3374\">\n<li data-start=\"3210\" data-end=\"3267\">\n<p data-start=\"3213\" data-end=\"3267\">Prenez des photos nettes de la <strong data-start=\"3238\" data-end=\"3245\">bo\u00eete<\/strong> et des <strong data-start=\"3250\" data-end=\"3267\">articles endommag\u00e9s<\/strong><\/p>\n<\/li>\n<li data-start=\"3268\" data-end=\"3301\">\n<p data-start=\"3271\" data-end=\"3301\">Contactez-nous dans les <strong data-start=\"3289\" data-end=\"3301\">48 heures<\/strong><\/p>\n<\/li>\n<li data-start=\"3302\" data-end=\"3374\">\n<p data-start=\"3305\" data-end=\"3374\">Nous organiserons un remplacement ou un remboursement apr\u00e8s v\u00e9rification du probl\u00e8me<\/p>\n<\/li>\n<\/ol>\n<hr data-start=\"3376\" data-end=\"3379\" \/>\n<h4 data-start=\"3381\" data-end=\"3415\"><span style=\"color: #99cc00;\">10. Retrait sur place (Maroc uniquement)<\/span><\/h4>\n<p data-start=\"3417\" data-end=\"3545\">Pour les clients locaux, nous pouvons proposer des <strong data-start=\"3449\" data-end=\"3467\">options de retrait<\/strong> depuis nos locaux \u00e0 <strong data-start=\"3489\" data-end=\"3499\">Agadir<\/strong> sur rendez-vous. Veuillez nous contacter pour vous organiser.<\/p>\n<hr data-start=\"3547\" data-end=\"3550\" \/>\n<h4 data-start=\"3552\" data-end=\"3565\"><span style=\"color: #99cc00;\">Contactez-nous<\/span><\/h4>\n<p data-start=\"3567\" data-end=\"3648\">Si vous avez des questions concernant l&rsquo;exp\u00e9dition ou la livraison, n&rsquo;h\u00e9sitez pas \u00e0 nous contacter :<\/p>\n<p data-start=\"3650\" data-end=\"3812\"><strong data-start=\"3650\" data-end=\"3671\">Moroccan Cosmetic<\/strong><br data-start=\"3671\" data-end=\"3674\" \/>E-mail : <a class=\"cursor-pointer\" rel=\"noopener\" data-start=\"3684\" data-end=\"3709\" data-abc=\"true\">info@moroccancosmetic.com<\/a><br data-start=\"3709\" data-end=\"3712\" \/>T\u00e9l\u00e9phone : +212 632-485055<br data-start=\"3737\" data-end=\"3740\" \/>Site web : <a class=\"\" href=\"https:\/\/moroccancosmetic.com\" target=\"_new\" rel=\"noopener\" data-start=\"3752\" data-end=\"3812\" data-abc=\"true\">https:\/\/moroccancosmetic.com<\/a><\/p>\n<hr data-start=\"3814\" data-end=\"3817\" \/>\n<p data-start=\"3819\" data-end=\"3869\" data-is-last-node=\"\" data-is-only-node=\"\"><strong data-start=\"3819\" data-end=\"3869\" data-is-last-node=\"\">\u00a9 2025 Moroccan Cosmetic. Tous droits r\u00e9serv\u00e9s.<\/strong><\/p>\t\t\t\t\t\t\t\t<\/div>\n\t\t\t\t<\/div>\n\t\t\t\t\t<\/div>\n\t\t\t\t<\/div>\n\t\t\t\t<\/div>\n\t\t","protected":false},"excerpt":{"rendered":"<p>Date d\u2019entr\u00e9e en vigueur : 6 juillet 2025 Chez Moroccan Cosmetic, nous sommes fiers de proposer la livraison dans le monde entier pour nos produits de beaut\u00e9..<\/p>\n","protected":false},"author":1,"featured_media":0,"parent":0,"menu_order":0,"comment_status":"closed","ping_status":"closed","template":"","meta":{"footnotes":""},"class_list":["post-93960","page","type-page","status-publish","hentry"],"yoast_head":"<!-- This site is optimized with the Yoast SEO Premium plugin v25.3 (Yoast SEO v27.4) - https:\/\/yoast.com\/product\/yoast-seo-premium-wordpress\/ -->\n<title>Informations sur l\u2019exp\u00e9dition et la livraison - Moroccan organic Beauty Products Argan oil<\/title>\n<meta name=\"robots\" content=\"index, follow, max-snippet:-1, max-image-preview:large, max-video-preview:-1\" \/>\n<link rel=\"canonical\" href=\"https:\/\/moroccancosmetic.com\/fr\/informations-sur-lexpedition-et-la-livraison\/\" \/>\n<meta property=\"og:locale\" content=\"fr_FR\" \/>\n<meta property=\"og:type\" content=\"article\" \/>\n<meta property=\"og:title\" content=\"Informations sur l\u2019exp\u00e9dition et la livraison\" \/>\n<meta property=\"og:description\" content=\"Date d\u2019entr\u00e9e en vigueur : 6 juillet 2025 Chez Moroccan Cosmetic, nous sommes fiers de proposer la livraison dans le monde entier pour nos produits de beaut\u00e9..\" \/>\n<meta property=\"og:url\" content=\"https:\/\/moroccancosmetic.com\/fr\/informations-sur-lexpedition-et-la-livraison\/\" \/>\n<meta property=\"og:site_name\" content=\"Moroccan organic Beauty Products Argan oil\" \/>\n<meta property=\"article:publisher\" content=\"https:\/\/web.facebook.com\/profile.php?id=61576699202570\" \/>\n<meta property=\"article:modified_time\" content=\"2025-08-14T20:56:46+00:00\" \/>\n<meta property=\"og:image\" content=\"https:\/\/moroccancosmetic.com\/wp-content\/uploads\/2024\/12\/organic-argan-oil-wholesale-1.jpg\" \/>\n\t<meta property=\"og:image:width\" content=\"1091\" \/>\n\t<meta property=\"og:image:height\" content=\"500\" \/>\n\t<meta property=\"og:image:type\" content=\"image\/jpeg\" \/>\n<meta name=\"twitter:card\" content=\"summary_large_image\" \/>\n<meta name=\"twitter:label1\" content=\"Dur\u00e9e de lecture estim\u00e9e\" \/>\n\t<meta name=\"twitter:data1\" content=\"4 minutes\" \/>\n<script type=\"application\/ld+json\" class=\"yoast-schema-graph\">{\"@context\":\"https:\\\/\\\/schema.org\",\"@graph\":[{\"@type\":\"WebPage\",\"@id\":\"https:\\\/\\\/moroccancosmetic.com\\\/fr\\\/informations-sur-lexpedition-et-la-livraison\\\/\",\"url\":\"https:\\\/\\\/moroccancosmetic.com\\\/fr\\\/informations-sur-lexpedition-et-la-livraison\\\/\",\"name\":\"Informations sur l\u2019exp\u00e9dition et la livraison - Moroccan organic Beauty Products Argan oil\",\"isPartOf\":{\"@id\":\"https:\\\/\\\/moroccancosmetic.com\\\/fr\\\/#website\"},\"datePublished\":\"2025-07-06T17:15:28+00:00\",\"dateModified\":\"2025-08-14T20:56:46+00:00\",\"breadcrumb\":{\"@id\":\"https:\\\/\\\/moroccancosmetic.com\\\/fr\\\/informations-sur-lexpedition-et-la-livraison\\\/#breadcrumb\"},\"inLanguage\":\"fr-FR\",\"potentialAction\":[{\"@type\":\"ReadAction\",\"target\":[\"https:\\\/\\\/moroccancosmetic.com\\\/fr\\\/informations-sur-lexpedition-et-la-livraison\\\/\"]}]},{\"@type\":\"BreadcrumbList\",\"@id\":\"https:\\\/\\\/moroccancosmetic.com\\\/fr\\\/informations-sur-lexpedition-et-la-livraison\\\/#breadcrumb\",\"itemListElement\":[{\"@type\":\"ListItem\",\"position\":1,\"name\":\"Accueil\",\"item\":\"https:\\\/\\\/moroccancosmetic.com\\\/fr\\\/\"},{\"@type\":\"ListItem\",\"position\":2,\"name\":\"Informations sur l\u2019exp\u00e9dition et la livraison\"}]},{\"@type\":\"WebSite\",\"@id\":\"https:\\\/\\\/moroccancosmetic.com\\\/fr\\\/#website\",\"url\":\"https:\\\/\\\/moroccancosmetic.com\\\/fr\\\/\",\"name\":\"Moroccan Beauty Products\",\"description\":\"\",\"publisher\":{\"@id\":\"https:\\\/\\\/moroccancosmetic.com\\\/fr\\\/#organization\"},\"potentialAction\":[{\"@type\":\"SearchAction\",\"target\":{\"@type\":\"EntryPoint\",\"urlTemplate\":\"https:\\\/\\\/moroccancosmetic.com\\\/fr\\\/?s={search_term_string}\"},\"query-input\":{\"@type\":\"PropertyValueSpecification\",\"valueRequired\":true,\"valueName\":\"search_term_string\"}}],\"inLanguage\":\"fr-FR\"},{\"@type\":\"Organization\",\"@id\":\"https:\\\/\\\/moroccancosmetic.com\\\/fr\\\/#organization\",\"name\":\"Moroccan Beauty Products wholesale\",\"url\":\"https:\\\/\\\/moroccancosmetic.com\\\/fr\\\/\",\"logo\":{\"@type\":\"ImageObject\",\"inLanguage\":\"fr-FR\",\"@id\":\"https:\\\/\\\/moroccancosmetic.com\\\/fr\\\/#\\\/schema\\\/logo\\\/image\\\/\",\"url\":\"https:\\\/\\\/moroccancosmetic.com\\\/wp-content\\\/uploads\\\/2025\\\/06\\\/main-logo-Dark-img.png\",\"contentUrl\":\"https:\\\/\\\/moroccancosmetic.com\\\/wp-content\\\/uploads\\\/2025\\\/06\\\/main-logo-Dark-img.png\",\"width\":314,\"height\":94,\"caption\":\"Moroccan Beauty Products wholesale\"},\"image\":{\"@id\":\"https:\\\/\\\/moroccancosmetic.com\\\/fr\\\/#\\\/schema\\\/logo\\\/image\\\/\"},\"sameAs\":[\"https:\\\/\\\/web.facebook.com\\\/profile.php?id=61576699202570\",\"https:\\\/\\\/www.instagram.com\\\/moroccancosmetics.organic\\\/\"]}]}<\/script>\n<!-- \/ Yoast SEO Premium plugin. -->","yoast_head_json":{"title":"Informations sur l\u2019exp\u00e9dition et la livraison - Moroccan organic Beauty Products Argan oil","robots":{"index":"index","follow":"follow","max-snippet":"max-snippet:-1","max-image-preview":"max-image-preview:large","max-video-preview":"max-video-preview:-1"},"canonical":"https:\/\/moroccancosmetic.com\/fr\/informations-sur-lexpedition-et-la-livraison\/","og_locale":"fr_FR","og_type":"article","og_title":"Informations sur l\u2019exp\u00e9dition et la livraison","og_description":"Date d\u2019entr\u00e9e en vigueur : 6 juillet 2025 Chez Moroccan Cosmetic, nous sommes fiers de proposer la livraison dans le monde entier pour nos produits de beaut\u00e9..","og_url":"https:\/\/moroccancosmetic.com\/fr\/informations-sur-lexpedition-et-la-livraison\/","og_site_name":"Moroccan organic Beauty Products Argan oil","article_publisher":"https:\/\/web.facebook.com\/profile.php?id=61576699202570","article_modified_time":"2025-08-14T20:56:46+00:00","og_image":[{"width":1091,"height":500,"url":"https:\/\/moroccancosmetic.com\/wp-content\/uploads\/2024\/12\/organic-argan-oil-wholesale-1.jpg","type":"image\/jpeg"}],"twitter_card":"summary_large_image","twitter_misc":{"Dur\u00e9e de lecture estim\u00e9e":"4 minutes"},"schema":{"@context":"https:\/\/schema.org","@graph":[{"@type":"WebPage","@id":"https:\/\/moroccancosmetic.com\/fr\/informations-sur-lexpedition-et-la-livraison\/","url":"https:\/\/moroccancosmetic.com\/fr\/informations-sur-lexpedition-et-la-livraison\/","name":"Informations sur l\u2019exp\u00e9dition et la livraison - Moroccan organic Beauty Products Argan oil","isPartOf":{"@id":"https:\/\/moroccancosmetic.com\/fr\/#website"},"datePublished":"2025-07-06T17:15:28+00:00","dateModified":"2025-08-14T20:56:46+00:00","breadcrumb":{"@id":"https:\/\/moroccancosmetic.com\/fr\/informations-sur-lexpedition-et-la-livraison\/#breadcrumb"},"inLanguage":"fr-FR","potentialAction":[{"@type":"ReadAction","target":["https:\/\/moroccancosmetic.com\/fr\/informations-sur-lexpedition-et-la-livraison\/"]}]},{"@type":"BreadcrumbList","@id":"https:\/\/moroccancosmetic.com\/fr\/informations-sur-lexpedition-et-la-livraison\/#breadcrumb","itemListElement":[{"@type":"ListItem","position":1,"name":"Accueil","item":"https:\/\/moroccancosmetic.com\/fr\/"},{"@type":"ListItem","position":2,"name":"Informations sur l\u2019exp\u00e9dition et la livraison"}]},{"@type":"WebSite","@id":"https:\/\/moroccancosmetic.com\/fr\/#website","url":"https:\/\/moroccancosmetic.com\/fr\/","name":"Moroccan Beauty Products","description":"","publisher":{"@id":"https:\/\/moroccancosmetic.com\/fr\/#organization"},"potentialAction":[{"@type":"SearchAction","target":{"@type":"EntryPoint","urlTemplate":"https:\/\/moroccancosmetic.com\/fr\/?s={search_term_string}"},"query-input":{"@type":"PropertyValueSpecification","valueRequired":true,"valueName":"search_term_string"}}],"inLanguage":"fr-FR"},{"@type":"Organization","@id":"https:\/\/moroccancosmetic.com\/fr\/#organization","name":"Moroccan Beauty Products wholesale","url":"https:\/\/moroccancosmetic.com\/fr\/","logo":{"@type":"ImageObject","inLanguage":"fr-FR","@id":"https:\/\/moroccancosmetic.com\/fr\/#\/schema\/logo\/image\/","url":"https:\/\/moroccancosmetic.com\/wp-content\/uploads\/2025\/06\/main-logo-Dark-img.png","contentUrl":"https:\/\/moroccancosmetic.com\/wp-content\/uploads\/2025\/06\/main-logo-Dark-img.png","width":314,"height":94,"caption":"Moroccan Beauty Products wholesale"},"image":{"@id":"https:\/\/moroccancosmetic.com\/fr\/#\/schema\/logo\/image\/"},"sameAs":["https:\/\/web.facebook.com\/profile.php?id=61576699202570","https:\/\/www.instagram.com\/moroccancosmetics.organic\/"]}]}},"_links":{"self":[{"href":"https:\/\/moroccancosmetic.com\/fr\/wp-json\/wp\/v2\/pages\/93960","targetHints":{"allow":["GET"]}}],"collection":[{"href":"https:\/\/moroccancosmetic.com\/fr\/wp-json\/wp\/v2\/pages"}],"about":[{"href":"https:\/\/moroccancosmetic.com\/fr\/wp-json\/wp\/v2\/types\/page"}],"author":[{"embeddable":true,"href":"https:\/\/moroccancosmetic.com\/fr\/wp-json\/wp\/v2\/users\/1"}],"replies":[{"embeddable":true,"href":"https:\/\/moroccancosmetic.com\/fr\/wp-json\/wp\/v2\/comments?post=93960"}],"version-history":[{"count":0,"href":"https:\/\/moroccancosmetic.com\/fr\/wp-json\/wp\/v2\/pages\/93960\/revisions"}],"wp:attachment":[{"href":"https:\/\/moroccancosmetic.com\/fr\/wp-json\/wp\/v2\/media?parent=93960"}],"curies":[{"name":"wp","href":"https:\/\/api.w.org\/{rel}","templated":true}]}}