{"id":93971,"date":"2025-07-06T17:06:28","date_gmt":"2025-07-06T17:06:28","guid":{"rendered":"https:\/\/moroccancosmetic.com\/refund_returns\/"},"modified":"2025-08-14T21:00:46","modified_gmt":"2025-08-14T21:00:46","slug":"politique-de-remboursement-et-de-retour","status":"publish","type":"page","link":"https:\/\/moroccancosmetic.com\/fr\/politique-de-remboursement-et-de-retour\/","title":{"rendered":"Politique de remboursement et de retour"},"content":{"rendered":"\t\t<div data-elementor-type=\"wp-page\" data-elementor-id=\"93971\" class=\"elementor elementor-93971 elementor-14\" data-elementor-post-type=\"page\">\n\t\t\t\t<div class=\"elementor-element elementor-element-3474f74e e-flex e-con-boxed text-reveal-no e-con e-parent\" data-id=\"3474f74e\" data-element_type=\"container\" data-e-type=\"container\">\n\t\t\t\t\t<div class=\"e-con-inner\">\n\t\t\t\t<div class=\"elementor-element elementor-element-4d38ce5b elementor-widget elementor-widget-text-editor\" data-id=\"4d38ce5b\" data-element_type=\"widget\" data-e-type=\"widget\" data-widget_type=\"text-editor.default\">\n\t\t\t\t<div class=\"elementor-widget-container\">\n\t\t\t\t\t\t\t\t\t<h5 data-start=\"135\" data-end=\"159\"><strong data-start=\"161\" data-end=\"193\">Date d&rsquo;entr\u00e9e en vigueur : 6 juillet 2025<\/strong><\/h5>\n<p data-start=\"195\" data-end=\"522\">Chez <strong data-start=\"198\" data-end=\"219\">Moroccan Cosmetic<\/strong>, nous nous engageons \u00e0 garantir la satisfaction de nos clients en proposant des produits de beaut\u00e9 marocains biologiques de haute qualit\u00e9. Veuillez lire attentivement notre politique de remboursement et de retour pour comprendre vos droits et responsabilit\u00e9s lors de vos achats sur <a class=\"\" href=\"https:\/\/moroccancosmetic.com\" target=\"_new\" rel=\"noopener\" data-start=\"461\" data-end=\"521\">https:\/\/moroccancosmetic.com<\/a>.<\/p>\n<p data-start=\"524\" data-end=\"638\">Pour toute question ou assistance, contactez-nous \u00e0 :<br data-start=\"564\" data-end=\"567\" \/><strong data-start=\"570\" data-end=\"579\">E-mail<\/strong> : <a class=\"cursor-pointer\" rel=\"noopener\" data-start=\"581\" data-end=\"606\">info@moroccancosmetic.com<\/a><br data-start=\"606\" data-end=\"609\" \/><strong data-start=\"612\" data-end=\"621\">T\u00e9l\u00e9phone<\/strong> : +212 632-485055<\/p>\n<hr data-start=\"640\" data-end=\"643\" \/>\n<h4 data-start=\"645\" data-end=\"669\"><span style=\"color: #99cc00;\">1. Conditions de retour<\/span><\/h4>\n<p data-start=\"671\" data-end=\"796\">En raison de la <strong data-start=\"682\" data-end=\"708\">nature de nos produits<\/strong> (cosm\u00e9tiques et soins personnels), les retours ne sont accept\u00e9s que dans les conditions suivantes :<\/p>\n<ul data-start=\"798\" data-end=\"972\">\n<li data-start=\"798\" data-end=\"843\">\n<p data-start=\"800\" data-end=\"843\">Le produit a \u00e9t\u00e9 <strong data-start=\"816\" data-end=\"827\">endommag\u00e9<\/strong> pendant le transport<\/p>\n<\/li>\n<li data-start=\"844\" data-end=\"899\">\n<p data-start=\"846\" data-end=\"899\">L&rsquo;article re\u00e7u est <strong data-start=\"868\" data-end=\"881\">incorrect<\/strong> (mauvais article envoy\u00e9)<\/p>\n<\/li>\n<li data-start=\"900\" data-end=\"972\">\n<p data-start=\"902\" data-end=\"972\">Le produit est <strong data-start=\"917\" data-end=\"929\">non ouvert<\/strong>, non utilis\u00e9 et dans son <strong data-start=\"950\" data-end=\"972\">emballage d&rsquo;origine<\/strong><\/p>\n<\/li>\n<\/ul>\n<p data-start=\"974\" data-end=\"1065\">Pour \u00eatre \u00e9ligible \u00e0 un retour, vous devez nous contacter dans les <strong data-start=\"1030\" data-end=\"1040\">7 jours<\/strong> suivant la r\u00e9ception de votre commande.<\/p>\n<hr data-start=\"1067\" data-end=\"1070\" \/>\n<h4 data-start=\"1072\" data-end=\"1101\"><span style=\"color: #99cc00;\">2. Comment demander un retour<\/span><\/h4>\n<p data-start=\"1103\" data-end=\"1134\">Pour initier un retour ou un remboursement :<\/p>\n<ol data-start=\"1136\" data-end=\"1498\">\n<li data-start=\"1136\" data-end=\"1311\">\n<p data-start=\"1139\" data-end=\"1186\">Envoyez-nous un e-mail \u00e0 <strong data-start=\"1151\" data-end=\"1180\"><a class=\"cursor-pointer\" rel=\"noopener\" data-start=\"1153\" data-end=\"1178\" data-abc=\"true\">info@moroccancosmetic.com<\/a><\/strong> en indiquant :<\/p>\n<ul data-start=\"1190\" data-end=\"1311\">\n<li data-start=\"1190\" data-end=\"1206\">\n<p data-start=\"1192\" data-end=\"1206\">Votre nom complet<\/p>\n<\/li>\n<li data-start=\"1210\" data-end=\"1224\">\n<p data-start=\"1212\" data-end=\"1224\">Votre num\u00e9ro de commande<\/p>\n<\/li>\n<li data-start=\"1228\" data-end=\"1279\">\n<p data-start=\"1230\" data-end=\"1279\">Des photos claires du produit (emballage inclus)<\/p>\n<\/li>\n<li data-start=\"1283\" data-end=\"1311\">\n<p data-start=\"1285\" data-end=\"1311\">Une description du probl\u00e8me<\/p>\n<\/li>\n<\/ul>\n<\/li>\n<li data-start=\"1313\" data-end=\"1391\">\n<p data-start=\"1316\" data-end=\"1391\">Notre \u00e9quipe examinera votre demande et vous r\u00e9pondra sous <strong data-start=\"1369\" data-end=\"1390\">2 \u00e0 3 jours ouvrables<\/strong>.<\/p>\n<\/li>\n<li data-start=\"1393\" data-end=\"1498\">\n<p data-start=\"1396\" data-end=\"1498\">Si votre demande est approuv\u00e9e, nous vous fournirons les instructions de retour ou effectuerons un remboursement partiel\/int\u00e9gral selon le cas.<\/p>\n<\/li>\n<\/ol>\n<hr data-start=\"1500\" data-end=\"1503\" \/>\n<h4 data-start=\"1505\" data-end=\"1524\"><span style=\"color: #99cc00;\">3. Politique de remboursement<\/span><\/h4>\n<p data-start=\"1526\" data-end=\"1572\">Les remboursements sont effectu\u00e9s dans les cas suivants :<\/p>\n<ul data-start=\"1574\" data-end=\"1826\">\n<li data-start=\"1574\" data-end=\"1632\">\n<p data-start=\"1576\" data-end=\"1632\"><strong data-start=\"1576\" data-end=\"1596\">Produits endommag\u00e9s<\/strong> : Remboursement int\u00e9gral ou remplacement du produit<\/p>\n<\/li>\n<li data-start=\"1633\" data-end=\"1701\">\n<p data-start=\"1635\" data-end=\"1701\"><strong data-start=\"1635\" data-end=\"1657\">Mauvais produit envoy\u00e9<\/strong> : Remboursement int\u00e9gral ou remplacement par le bon produit<\/p>\n<\/li>\n<li data-start=\"1702\" data-end=\"1826\">\n<p data-start=\"1704\" data-end=\"1826\"><strong data-start=\"1704\" data-end=\"1726\">Annulation de commande<\/strong> : Vous pouvez annuler votre commande dans les 24 heures suivant le paiement, sauf si le produit a d\u00e9j\u00e0 \u00e9t\u00e9 trait\u00e9 ou exp\u00e9di\u00e9<\/p>\n<\/li>\n<\/ul>\n<p data-start=\"1828\" data-end=\"1930\">Les remboursements seront trait\u00e9s via la m\u00e9thode de paiement d&rsquo;origine dans un d\u00e9lai de <strong data-start=\"1892\" data-end=\"1914\">7 \u00e0 10 jours ouvrables<\/strong> apr\u00e8s approbation.<\/p>\n<hr data-start=\"1932\" data-end=\"1935\" \/>\n<h4 data-start=\"1937\" data-end=\"1963\"><span style=\"color: #99cc00;\">4. Articles non remboursables<\/span><\/h4>\n<p data-start=\"1965\" data-end=\"2008\">Nous n&rsquo;offrons <strong data-start=\"1971\" data-end=\"1978\">pas<\/strong> de remboursement ni de retour pour :<\/p>\n<ul data-start=\"2010\" data-end=\"2283\">\n<li data-start=\"2010\" data-end=\"2037\">\n<p data-start=\"2012\" data-end=\"2037\">Les produits ouverts ou utilis\u00e9s<\/p>\n<\/li>\n<li data-start=\"2038\" data-end=\"2086\">\n<p data-start=\"2040\" data-end=\"2086\">Les produits retourn\u00e9s sans leur emballage d&rsquo;origine<\/p>\n<\/li>\n<li data-start=\"2087\" data-end=\"2143\">\n<p data-start=\"2089\" data-end=\"2143\">Les commandes refus\u00e9es \u00e0 la douane (en raison des r\u00e9glementations locales)<\/p>\n<\/li>\n<li data-start=\"2144\" data-end=\"2203\">\n<p data-start=\"2146\" data-end=\"2203\">Les retards caus\u00e9s par les transporteurs ou le d\u00e9douanement<\/p>\n<\/li>\n<li data-start=\"2204\" data-end=\"2283\">\n<p data-start=\"2206\" data-end=\"2283\">Les commandes personnalis\u00e9es ou en marque blanche (sauf si le produit est d\u00e9fectueux ou incorrect)<\/p>\n<\/li>\n<\/ul>\n<hr data-start=\"2285\" data-end=\"2288\" \/>\n<h4 data-start=\"2290\" data-end=\"2305\"><span style=\"color: #99cc00;\">5. \u00c9changes<\/span><\/h4>\n<p data-start=\"2307\" data-end=\"2438\">Nous ne proposons pas d&rsquo;\u00e9changes directs. Si vous avez besoin d&rsquo;un remplacement, veuillez suivre la proc\u00e9dure de retour et passer une nouvelle commande apr\u00e8s approbation.<\/p>\n<hr data-start=\"2440\" data-end=\"2443\" \/>\n<h4 data-start=\"2445\" data-end=\"2468\"><span style=\"color: #99cc00;\">6. Envois endommag\u00e9s<\/span><\/h4>\n<p data-start=\"2470\" data-end=\"2508\">Si votre commande arrive visiblement endommag\u00e9e :<\/p>\n<ul data-start=\"2510\" data-end=\"2672\">\n<li data-start=\"2510\" data-end=\"2562\">\n<p data-start=\"2512\" data-end=\"2562\">Prenez des <strong data-start=\"2517\" data-end=\"2533\">photos nettes<\/strong> de la bo\u00eete et des articles endommag\u00e9s<\/p>\n<\/li>\n<li data-start=\"2563\" data-end=\"2606\">\n<p data-start=\"2565\" data-end=\"2606\">Avertissez-nous dans les <strong data-start=\"2582\" data-end=\"2594\">48 heures<\/strong> suivant la livraison<\/p>\n<\/li>\n<li data-start=\"2607\" data-end=\"2672\">\n<p data-start=\"2609\" data-end=\"2672\">Nous d\u00e9poserons une r\u00e9clamation aupr\u00e8s du transporteur et effectuerons un remplacement ou un remboursement<\/p>\n<\/li>\n<\/ul>\n<hr data-start=\"2674\" data-end=\"2677\" \/>\n<h4 data-start=\"2679\" data-end=\"2706\"><span style=\"color: #99cc00;\">7. Frais de retour<\/span><\/h4>\n<ul data-start=\"2708\" data-end=\"2902\">\n<li data-start=\"2708\" data-end=\"2809\">\n<p data-start=\"2710\" data-end=\"2809\">Si le retour est d\u00fb \u00e0 une erreur de notre part (mauvais article ou produit endommag\u00e9), nous couvrirons les frais de retour.<\/p>\n<\/li>\n<li data-start=\"2810\" data-end=\"2902\">\n<p data-start=\"2812\" data-end=\"2902\">Si le retour est pour d&rsquo;autres raisons, l&rsquo;acheteur est responsable de tous les frais d&rsquo;exp\u00e9dition de retour.<\/p>\n<\/li>\n<\/ul>\n<hr data-start=\"2904\" data-end=\"2907\" \/>\n<h4 data-start=\"2909\" data-end=\"2922\"><span style=\"color: #99cc0a;\">8. Contact<\/span><\/h4>\n<p data-start=\"2924\" data-end=\"2982\">Pour toute demande de remboursement ou de retour, veuillez contacter :<\/p>\n<p data-start=\"2984\" data-end=\"3146\"><strong data-start=\"2984\" data-end=\"3005\">Moroccan Cosmetic<\/strong><br data-start=\"3005\" data-end=\"3008\" \/>E-mail : <a class=\"cursor-pointer\" rel=\"noopener\" data-start=\"3018\" data-end=\"3043\" data-abc=\"true\">info@moroccancosmetic.com<\/a><br data-start=\"3043\" data-end=\"3046\" \/>T\u00e9l\u00e9phone : +212 632-485055<br data-start=\"3071\" data-end=\"3074\" \/>Site web : <a class=\"\" href=\"https:\/\/moroccancosmetic.com\" target=\"_new\" rel=\"noopener\" data-start=\"3086\" data-end=\"3146\" data-abc=\"true\">https:\/\/moroccancosmetic.com<\/a><\/p>\t\t\t\t\t\t\t\t<\/div>\n\t\t\t\t<\/div>\n\t\t\t\t\t<\/div>\n\t\t\t\t<\/div>\n\t\t\t\t<\/div>\n\t\t","protected":false},"excerpt":{"rendered":"<p>Date d&rsquo;entr\u00e9e en vigueur : 6 juillet 2025 Chez Moroccan Cosmetic, nous nous engageons \u00e0 garantir la satisfaction de nos clients en proposant des produits de beaut\u00e9..<\/p>\n","protected":false},"author":1,"featured_media":0,"parent":0,"menu_order":0,"comment_status":"closed","ping_status":"closed","template":"","meta":{"footnotes":""},"class_list":["post-93971","page","type-page","status-publish","hentry"],"yoast_head":"<!-- This site is optimized with the Yoast SEO Premium plugin v25.3 (Yoast SEO v27.4) - https:\/\/yoast.com\/product\/yoast-seo-premium-wordpress\/ -->\n<title>Politique de remboursement et de retour - Moroccan organic Beauty Products Argan oil<\/title>\n<meta name=\"description\" content=\"Refund &amp; Return Policy\" \/>\n<meta name=\"robots\" content=\"index, follow, max-snippet:-1, max-image-preview:large, max-video-preview:-1\" \/>\n<link rel=\"canonical\" href=\"https:\/\/moroccancosmetic.com\/fr\/politique-de-remboursement-et-de-retour\/\" \/>\n<meta property=\"og:locale\" content=\"fr_FR\" \/>\n<meta property=\"og:type\" content=\"article\" \/>\n<meta property=\"og:title\" content=\"Politique de remboursement et de retour\" \/>\n<meta property=\"og:description\" content=\"Refund &amp; Return Policy\" \/>\n<meta property=\"og:url\" content=\"https:\/\/moroccancosmetic.com\/fr\/politique-de-remboursement-et-de-retour\/\" \/>\n<meta property=\"og:site_name\" content=\"Moroccan organic Beauty Products Argan oil\" \/>\n<meta property=\"article:publisher\" content=\"https:\/\/web.facebook.com\/profile.php?id=61576699202570\" \/>\n<meta property=\"article:modified_time\" content=\"2025-08-14T21:00:46+00:00\" \/>\n<meta property=\"og:image\" content=\"https:\/\/moroccancosmetic.com\/wp-content\/uploads\/2024\/12\/organic-argan-oil-wholesale-1.jpg\" \/>\n\t<meta property=\"og:image:width\" content=\"1091\" \/>\n\t<meta property=\"og:image:height\" content=\"500\" \/>\n\t<meta property=\"og:image:type\" content=\"image\/jpeg\" \/>\n<meta name=\"twitter:card\" content=\"summary_large_image\" \/>\n<meta name=\"twitter:label1\" content=\"Dur\u00e9e de lecture estim\u00e9e\" \/>\n\t<meta name=\"twitter:data1\" content=\"3 minutes\" \/>\n<script type=\"application\/ld+json\" class=\"yoast-schema-graph\">{\"@context\":\"https:\\\/\\\/schema.org\",\"@graph\":[{\"@type\":\"WebPage\",\"@id\":\"https:\\\/\\\/moroccancosmetic.com\\\/fr\\\/politique-de-remboursement-et-de-retour\\\/\",\"url\":\"https:\\\/\\\/moroccancosmetic.com\\\/fr\\\/politique-de-remboursement-et-de-retour\\\/\",\"name\":\"Politique de remboursement et de retour - Moroccan organic Beauty Products Argan oil\",\"isPartOf\":{\"@id\":\"https:\\\/\\\/moroccancosmetic.com\\\/fr\\\/#website\"},\"datePublished\":\"2025-07-06T17:06:28+00:00\",\"dateModified\":\"2025-08-14T21:00:46+00:00\",\"description\":\"Refund & Return Policy\",\"breadcrumb\":{\"@id\":\"https:\\\/\\\/moroccancosmetic.com\\\/fr\\\/politique-de-remboursement-et-de-retour\\\/#breadcrumb\"},\"inLanguage\":\"fr-FR\",\"potentialAction\":[{\"@type\":\"ReadAction\",\"target\":[\"https:\\\/\\\/moroccancosmetic.com\\\/fr\\\/politique-de-remboursement-et-de-retour\\\/\"]}]},{\"@type\":\"BreadcrumbList\",\"@id\":\"https:\\\/\\\/moroccancosmetic.com\\\/fr\\\/politique-de-remboursement-et-de-retour\\\/#breadcrumb\",\"itemListElement\":[{\"@type\":\"ListItem\",\"position\":1,\"name\":\"Accueil\",\"item\":\"https:\\\/\\\/moroccancosmetic.com\\\/fr\\\/\"},{\"@type\":\"ListItem\",\"position\":2,\"name\":\"Politique de remboursement et de retour\"}]},{\"@type\":\"WebSite\",\"@id\":\"https:\\\/\\\/moroccancosmetic.com\\\/fr\\\/#website\",\"url\":\"https:\\\/\\\/moroccancosmetic.com\\\/fr\\\/\",\"name\":\"Moroccan Beauty Products\",\"description\":\"\",\"publisher\":{\"@id\":\"https:\\\/\\\/moroccancosmetic.com\\\/fr\\\/#organization\"},\"potentialAction\":[{\"@type\":\"SearchAction\",\"target\":{\"@type\":\"EntryPoint\",\"urlTemplate\":\"https:\\\/\\\/moroccancosmetic.com\\\/fr\\\/?s={search_term_string}\"},\"query-input\":{\"@type\":\"PropertyValueSpecification\",\"valueRequired\":true,\"valueName\":\"search_term_string\"}}],\"inLanguage\":\"fr-FR\"},{\"@type\":\"Organization\",\"@id\":\"https:\\\/\\\/moroccancosmetic.com\\\/fr\\\/#organization\",\"name\":\"Moroccan Beauty Products wholesale\",\"url\":\"https:\\\/\\\/moroccancosmetic.com\\\/fr\\\/\",\"logo\":{\"@type\":\"ImageObject\",\"inLanguage\":\"fr-FR\",\"@id\":\"https:\\\/\\\/moroccancosmetic.com\\\/fr\\\/#\\\/schema\\\/logo\\\/image\\\/\",\"url\":\"https:\\\/\\\/moroccancosmetic.com\\\/wp-content\\\/uploads\\\/2025\\\/06\\\/main-logo-Dark-img.png\",\"contentUrl\":\"https:\\\/\\\/moroccancosmetic.com\\\/wp-content\\\/uploads\\\/2025\\\/06\\\/main-logo-Dark-img.png\",\"width\":314,\"height\":94,\"caption\":\"Moroccan Beauty Products wholesale\"},\"image\":{\"@id\":\"https:\\\/\\\/moroccancosmetic.com\\\/fr\\\/#\\\/schema\\\/logo\\\/image\\\/\"},\"sameAs\":[\"https:\\\/\\\/web.facebook.com\\\/profile.php?id=61576699202570\",\"https:\\\/\\\/www.instagram.com\\\/moroccancosmetics.organic\\\/\"]}]}<\/script>\n<!-- \/ Yoast SEO Premium plugin. -->","yoast_head_json":{"title":"Politique de remboursement et de retour - Moroccan organic Beauty Products Argan oil","description":"Refund & Return Policy","robots":{"index":"index","follow":"follow","max-snippet":"max-snippet:-1","max-image-preview":"max-image-preview:large","max-video-preview":"max-video-preview:-1"},"canonical":"https:\/\/moroccancosmetic.com\/fr\/politique-de-remboursement-et-de-retour\/","og_locale":"fr_FR","og_type":"article","og_title":"Politique de remboursement et de retour","og_description":"Refund & Return Policy","og_url":"https:\/\/moroccancosmetic.com\/fr\/politique-de-remboursement-et-de-retour\/","og_site_name":"Moroccan organic Beauty Products Argan oil","article_publisher":"https:\/\/web.facebook.com\/profile.php?id=61576699202570","article_modified_time":"2025-08-14T21:00:46+00:00","og_image":[{"width":1091,"height":500,"url":"https:\/\/moroccancosmetic.com\/wp-content\/uploads\/2024\/12\/organic-argan-oil-wholesale-1.jpg","type":"image\/jpeg"}],"twitter_card":"summary_large_image","twitter_misc":{"Dur\u00e9e de lecture estim\u00e9e":"3 minutes"},"schema":{"@context":"https:\/\/schema.org","@graph":[{"@type":"WebPage","@id":"https:\/\/moroccancosmetic.com\/fr\/politique-de-remboursement-et-de-retour\/","url":"https:\/\/moroccancosmetic.com\/fr\/politique-de-remboursement-et-de-retour\/","name":"Politique de remboursement et de retour - Moroccan organic Beauty Products Argan oil","isPartOf":{"@id":"https:\/\/moroccancosmetic.com\/fr\/#website"},"datePublished":"2025-07-06T17:06:28+00:00","dateModified":"2025-08-14T21:00:46+00:00","description":"Refund & Return Policy","breadcrumb":{"@id":"https:\/\/moroccancosmetic.com\/fr\/politique-de-remboursement-et-de-retour\/#breadcrumb"},"inLanguage":"fr-FR","potentialAction":[{"@type":"ReadAction","target":["https:\/\/moroccancosmetic.com\/fr\/politique-de-remboursement-et-de-retour\/"]}]},{"@type":"BreadcrumbList","@id":"https:\/\/moroccancosmetic.com\/fr\/politique-de-remboursement-et-de-retour\/#breadcrumb","itemListElement":[{"@type":"ListItem","position":1,"name":"Accueil","item":"https:\/\/moroccancosmetic.com\/fr\/"},{"@type":"ListItem","position":2,"name":"Politique de remboursement et de retour"}]},{"@type":"WebSite","@id":"https:\/\/moroccancosmetic.com\/fr\/#website","url":"https:\/\/moroccancosmetic.com\/fr\/","name":"Moroccan Beauty Products","description":"","publisher":{"@id":"https:\/\/moroccancosmetic.com\/fr\/#organization"},"potentialAction":[{"@type":"SearchAction","target":{"@type":"EntryPoint","urlTemplate":"https:\/\/moroccancosmetic.com\/fr\/?s={search_term_string}"},"query-input":{"@type":"PropertyValueSpecification","valueRequired":true,"valueName":"search_term_string"}}],"inLanguage":"fr-FR"},{"@type":"Organization","@id":"https:\/\/moroccancosmetic.com\/fr\/#organization","name":"Moroccan Beauty Products wholesale","url":"https:\/\/moroccancosmetic.com\/fr\/","logo":{"@type":"ImageObject","inLanguage":"fr-FR","@id":"https:\/\/moroccancosmetic.com\/fr\/#\/schema\/logo\/image\/","url":"https:\/\/moroccancosmetic.com\/wp-content\/uploads\/2025\/06\/main-logo-Dark-img.png","contentUrl":"https:\/\/moroccancosmetic.com\/wp-content\/uploads\/2025\/06\/main-logo-Dark-img.png","width":314,"height":94,"caption":"Moroccan Beauty Products wholesale"},"image":{"@id":"https:\/\/moroccancosmetic.com\/fr\/#\/schema\/logo\/image\/"},"sameAs":["https:\/\/web.facebook.com\/profile.php?id=61576699202570","https:\/\/www.instagram.com\/moroccancosmetics.organic\/"]}]}},"_links":{"self":[{"href":"https:\/\/moroccancosmetic.com\/fr\/wp-json\/wp\/v2\/pages\/93971","targetHints":{"allow":["GET"]}}],"collection":[{"href":"https:\/\/moroccancosmetic.com\/fr\/wp-json\/wp\/v2\/pages"}],"about":[{"href":"https:\/\/moroccancosmetic.com\/fr\/wp-json\/wp\/v2\/types\/page"}],"author":[{"embeddable":true,"href":"https:\/\/moroccancosmetic.com\/fr\/wp-json\/wp\/v2\/users\/1"}],"replies":[{"embeddable":true,"href":"https:\/\/moroccancosmetic.com\/fr\/wp-json\/wp\/v2\/comments?post=93971"}],"version-history":[{"count":0,"href":"https:\/\/moroccancosmetic.com\/fr\/wp-json\/wp\/v2\/pages\/93971\/revisions"}],"wp:attachment":[{"href":"https:\/\/moroccancosmetic.com\/fr\/wp-json\/wp\/v2\/media?parent=93971"}],"curies":[{"name":"wp","href":"https:\/\/api.w.org\/{rel}","templated":true}]}}