{"id":93980,"date":"2025-06-11T18:42:53","date_gmt":"2025-06-11T18:42:53","guid":{"rendered":"https:\/\/moroccancosmetic.com\/privacy-policy\/"},"modified":"2025-08-14T21:04:15","modified_gmt":"2025-08-14T21:04:15","slug":"politique-de-confidentialite","status":"publish","type":"page","link":"https:\/\/moroccancosmetic.com\/fr\/politique-de-confidentialite\/","title":{"rendered":"Politique de confidentialit\u00e9"},"content":{"rendered":"\t\t<div data-elementor-type=\"wp-page\" data-elementor-id=\"93980\" class=\"elementor elementor-93980 elementor-3\" data-elementor-post-type=\"page\">\n\t\t\t\t<div class=\"elementor-element elementor-element-5071dd14 e-flex e-con-boxed text-reveal-no e-con e-parent\" data-id=\"5071dd14\" data-element_type=\"container\" data-e-type=\"container\">\n\t\t\t\t\t<div class=\"e-con-inner\">\n\t\t\t\t<div class=\"elementor-element elementor-element-352a2c8 elementor-widget elementor-widget-text-editor\" data-id=\"352a2c8\" data-element_type=\"widget\" data-e-type=\"widget\" data-widget_type=\"text-editor.default\">\n\t\t\t\t<div class=\"elementor-widget-container\">\n\t\t\t\t\t\t\t\t\t<h1 data-start=\"135\" data-end=\"151\"><span style=\"color: #99cc00;\">Politique de confidentialit\u00e9<\/span><\/h1>\n<p data-start=\"153\" data-end=\"183\"><strong data-start=\"153\" data-end=\"183\">Derni\u00e8re mise \u00e0 jour : 6 juillet 2025<\/strong><\/p>\n<p data-start=\"185\" data-end=\"536\">Bienvenue chez <strong data-start=\"196\" data-end=\"217\">Moroccan Cosmetic<\/strong> sur <a class=\"\" href=\"https:\/\/moroccancosmetic.com\/\" target=\"_new\" rel=\"noopener\" data-start=\"221\" data-end=\"283\">https:\/\/moroccancosmetic.com\/<\/a>. Nous prenons votre vie priv\u00e9e tr\u00e8s au s\u00e9rieux et nous nous engageons \u00e0 prot\u00e9ger les donn\u00e9es personnelles que vous partagez avec nous. Cette politique de confidentialit\u00e9 explique comment nous collectons, utilisons, divulguons et prot\u00e9geons vos informations lorsque vous visitez notre site web, nous contactez ou utilisez nos services.<\/p>\n<p data-start=\"538\" data-end=\"666\">Si vous avez des questions, n&rsquo;h\u00e9sitez pas \u00e0 nous contacter \u00e0 :<br data-start=\"592\" data--end=\"595\" \/><strong data-start=\"598\" data-end=\"607\">E-mail<\/strong> : <a class=\"cursor-pointer\" rel=\"noopener\" data-start=\"609\" data-end=\"634\">info@moroccancosmetic.com<\/a><br data-start=\"634\" data-end=\"637\" \/><strong data-start=\"640\" data-end=\"649\">T\u00e9l\u00e9phone<\/strong> : +212 632-485055<\/p>\n<hr data-start=\"668\" data-end=\"671\" \/>\n<h2 data-start=\"673\" data-end=\"689\"><span style=\"color: #99cc00;\">1. Qui sommes-nous ?<\/span><\/h2>\n<p data-start=\"691\" data-end=\"969\">Moroccan Cosmetic est un fournisseur en gros bas\u00e9 au Maroc, sp\u00e9cialis\u00e9 dans les <strong data-start=\"751\" data-end=\"787\">produits de beaut\u00e9 marocains biologiques<\/strong>, notamment l&rsquo;<strong data-start=\"799\" data-end=\"869\">huile d&rsquo;Argan, l&rsquo;huile de p\u00e9pins de figue de Barbarie, le savon noir marocain, la poudre de Nila<\/strong>, et bien d&rsquo;autres. Nous servons des clients du monde entier avec des <strong data-start=\"913\" data-end=\"967\">services de vente en gros, de marque blanche (private label) et de personnalisation de marque.<\/strong><\/p>\n<p data-start=\"971\" data-end=\"1088\">Notre base de production est situ\u00e9e \u00e0 <strong data-start=\"1005\" data-end=\"1024\">Agadir, au Maroc<\/strong>, et nous livrons \u00e0 des <strong data-start=\"1044\" data-end=\"1087\">clients aux \u00c9tats-Unis, dans l&rsquo;UE, les pays du CCG et \u00e0 l&rsquo;international<\/strong>.<\/p>\n<hr data-start=\"1090\" data-end=\"1093\" \/>\n<h3 data-start=\"1095\" data-end=\"1128\"><span style=\"color: #99cc00;\">2. Les informations que nous collectons<\/span><\/h3>\n<p data-start=\"1130\" data-end=\"1210\">Nous pouvons collecter les informations suivantes lorsque vous utilisez notre site web ou nous contactez :<\/p>\n<ul data-start=\"1212\" data-end=\"1703\">\n<li data-start=\"1212\" data-end=\"1319\">\n<p data-start=\"1214\" data-end=\"1319\"><strong data-start=\"1214\" data-end=\"1253\">Informations d&rsquo;identification personnelle<\/strong><br data-start=\"1253\" data-end=\"1256\" \/>Nom, num\u00e9ro de t\u00e9l\u00e9phone, adresse e-mail, nom de l&rsquo;entreprise et pays.<\/p>\n<\/li>\n<li data-start=\"1321\" data-end=\"1413\">\n<p data-start=\"1323\" data-end=\"1413\"><strong data-start=\"1323\" data-end=\"1344\">Informations sur la commande<\/strong><br data-start=\"1344\" data-end=\"1347\" \/>Pr\u00e9f\u00e9rences de produits, demandes de quantit\u00e9, demandes de marque blanche.<\/p>\n<\/li>\n<li data-start=\"1415\" data-end=\"1539\">\n<p data-start=\"1417\" data-end=\"1539\"><strong data-start=\"1417\" data-end=\"1442\">Informations techniques<\/strong><br data-start=\"1442\" data-end=\"1445\" \/>Adresse IP, type de navigateur, appareil, syst\u00e8me d&rsquo;exploitation, source de r\u00e9f\u00e9rence, heure et date de la visite.<\/p>\n<\/li>\n<li data-start=\"1541\" data-end=\"1703\">\n<p data-start=\"1543\" data-end=\"1703\"><strong data-start=\"1543\" data-end=\"1569\">Cookies et donn\u00e9es d&rsquo;utilisation<\/strong><br data-start=\"1569\" data-end=\"1572\" \/>Nous pouvons utiliser des cookies et des technologies similaires pour am\u00e9liorer l&rsquo;exp\u00e9rience utilisateur, analyser le trafic du site web et comprendre le comportement des visiteurs.<\/p>\n<\/li>\n<\/ul>\n<hr data-start=\"1705\" data-end=\"1708\" \/>\n<h4 data-start=\"1710\" data-end=\"1743\"><span style=\"color: #99cc00;\">3. Comment nous utilisons vos informations<\/span><\/h4>\n<p data-start=\"1745\" data-end=\"1769\">Nous collectons vos donn\u00e9es pour :<\/p>\n<ul data-start=\"1771\" data-end=\"2044\">\n<li data-start=\"1771\" data-end=\"1818\">\n<p data-start=\"1773\" data-end=\"1818\">R\u00e9pondre \u00e0 vos demandes d&rsquo;information ou de support<\/p>\n<\/li>\n<li data-start=\"1819\" data-end=\"1855\">\n<p data-start=\"1821\" data-end=\"1855\">Traiter les commandes d&rsquo;\u00e9chantillons ou de gros<\/p>\n<\/li>\n<li data-start=\"1856\" data-end=\"1881\">\n<p data-start=\"1858\" data-end=\"1881\">Envoyer des devis ou des factures<\/p>\n<\/li>\n<li data-start=\"1882\" data-end=\"1929\">\n<p data-start=\"1884\" data-end=\"1929\">Fournir des mises \u00e0 jour sur vos commandes ou services<\/p>\n<\/li>\n<li data-start=\"1930\" data-end=\"1975\">\n<p data-start=\"1932\" data-end=\"1975\">Am\u00e9liorer notre site web et l&rsquo;exp\u00e9rience client<\/p>\n<\/li>\n<li data-start=\"1976\" data-end=\"2044\">\n<p data-start=\"1978\" data-end=\"2044\">Envoyer des e-mails marketing occasionnels (vous pouvez vous d\u00e9sinscrire \u00e0 tout moment)<\/p>\n<\/li>\n<\/ul>\n<p data-start=\"2046\" data-end=\"2148\">Nous ne <strong data-start=\"2052\" data-end=\"2059\">vendons, ne louons et ne partageons pas<\/strong> vos donn\u00e9es personnelles avec des tiers \u00e0 des fins de marketing.<\/p>\n<hr data-start=\"2150\" data-end=\"2153\" \/>\n<h3 data-start=\"2155\" data-end=\"2187\"><span style=\"color: #99cc00;\">4. Base juridique du traitement<\/span><\/h3>\n<p data-start=\"2189\" data-end=\"2266\">Nous traitons vos informations sur la base d&rsquo;un ou plusieurs des fondements juridiques suivants :<\/p>\n<ul data-start=\"2268\" data-end=\"2506\">\n<li data-start=\"2268\" data-end=\"2327\">\n<p data-start=\"2270\" data-end=\"2327\">Votre <strong data-start=\"2275\" data-end=\"2286\">consentement<\/strong> (par exemple, lorsque vous remplissez un formulaire de contact)<\/p>\n<\/li>\n<li data-start=\"2328\" data-end=\"2391\">\n<p data-start=\"2330\" data-end=\"2391\">Pour ex\u00e9cuter un <strong data-start=\"2343\" data-end=\"2355\">contrat<\/strong> (par exemple, commandes de produits ou demandes d&rsquo;information)<\/p>\n<\/li>\n<li data-start=\"2392\" data-end=\"2467\">\n<p data-start=\"2394\" data-end=\"2467\">Sur la base de nos <strong data-start=\"2407\" data-end=\"2440\">int\u00e9r\u00eats commerciaux l\u00e9gitimes<\/strong> (par exemple, l&rsquo;am\u00e9lioration des services)<\/p>\n<\/li>\n<li data-start=\"2468\" data-end=\"2506\">\n<p data-start=\"2470\" data-end=\"2506\">Pour nous conformer \u00e0 des <strong data-start=\"2485\" data-end=\"2506\">obligations l\u00e9gales<\/strong><\/p>\n<\/li>\n<\/ul>\n<hr data-start=\"2508\" data-end=\"2511\" \/>\n<h3 data-start=\"2513\" data-end=\"2533\"><span style=\"color: #99cc00;\">5. Conservation des donn\u00e9es<\/span><\/h3>\n<p data-start=\"2535\" data-end=\"2683\">Nous ne conservons les donn\u00e9es personnelles qu&rsquo;aussi longtemps que n\u00e9cessaire \u00e0 des fins commerciales ou pour des exigences l\u00e9gales. Lorsque les donn\u00e9es ne sont plus n\u00e9cessaires, nous les supprimons de mani\u00e8re s\u00e9curis\u00e9e.<\/p>\n<hr data-start=\"2685\" data-end=\"2688\" \/>\n<h3 data-start=\"2690\" data-end=\"2703\"><span style=\"color: #99cc00;\">6. Cookies<\/span><\/h3>\n<p data-start=\"2705\" data-end=\"2880\">Les cookies nous aident \u00e0 personnaliser votre exp\u00e9rience. Vous pouvez choisir de d\u00e9sactiver les cookies dans les param\u00e8tres de votre navigateur, mais cela pourrait affecter la fonctionnalit\u00e9 de certaines parties du site.<\/p>\n<hr data-start=\"2882\" data-end=\"2885\" \/>\n<h3 data-start=\"2887\" data-end=\"2913\"><span style=\"color: #99cc00;\">7. Services tiers<\/span><\/h3>\n<p data-start=\"2915\" data-end=\"3108\">Notre site web peut contenir des liens vers des sites ou des outils externes (par exemple, des passerelles de paiement, des partenaires logistiques, des outils d&rsquo;analyse). Nous ne sommes pas responsables des pratiques de confidentialit\u00e9 de ces services externes.<\/p>\n<hr data-start=\"3110\" data-end=\"3113\" \/>\n<p><span style=\"color: #99cc00;\">8. S\u00e9curit\u00e9 des donn\u00e9es<\/span><\/p>\n<p data-start=\"3136\" data-end=\"3291\">Nous mettons en \u0153uvre des mesures techniques et organisationnelles conformes aux normes du secteur pour prot\u00e9ger vos donn\u00e9es contre tout acc\u00e8s, modification, divulgation ou destruction non autoris\u00e9s.<\/p>\n<hr data-start=\"3293\" data-end=\"3296\" \/>\n<h3 data-start=\"3298\" data-end=\"3315\"><span style=\"color: #99cc00;\">9. Vos droits<\/span><\/h3>\n<p data-start=\"3317\" data-end=\"3371\">Selon votre localisation, vous pouvez avoir le droit de :<\/p>\n<ul data-start=\"3373\" data-end=\"3541\">\n<li data-start=\"3373\" data-end=\"3417\">\n<p data-start=\"3375\" data-end=\"3417\">Acc\u00e9der aux donn\u00e9es personnelles que nous d\u00e9tenons \u00e0 votre sujet<\/p>\n<\/li>\n<li data-start=\"3418\" data-end=\"3453\">\n<p data-start=\"3420\" data-end=\"3453\">Corriger ou mettre \u00e0 jour des donn\u00e9es inexactes<\/p>\n<\/li>\n<li data-start=\"3454\" data-end=\"3477\">\n<p data-start=\"3456\" data-end=\"3477\">Demander la suppression de vos donn\u00e9es<\/p>\n<\/li>\n<li data-start=\"3478\" data-end=\"3501\">\n<p data-start=\"3480\" data-end=\"3501\">Retirer votre consentement<\/p>\n<\/li>\n<li data-start=\"3502\" data-end=\"3541\">\n<p data-start=\"3504\" data-end=\"3541\">Vous opposer au traitement des donn\u00e9es ou le limiter<\/p>\n<\/li>\n<\/ul>\n<p data-start=\"3543\" data-end=\"3627\">Pour exercer l&rsquo;un de ces droits, veuillez nous contacter \u00e0 <strong data-start=\"3597\" data-end=\"3626\"><a class=\"cursor-pointer\" rel=\"noopener\" data-start=\"3599\" data-end=\"3624\" data-abc=\"true\">info@moroccancosmetic.com<\/a><\/strong>.<\/p>\n<hr data-start=\"3629\" data-end=\"3632\" \/>\n<h3 data-start=\"3634\" data-end=\"3659\"><span style=\"color: #99cc00;\">10. Vie priv\u00e9e des enfants<\/span><\/h3>\n<p data-start=\"3661\" data-end=\"3848\">Notre site web n&rsquo;est pas destin\u00e9 aux enfants de moins de 16 ans. Nous ne collectons pas sciemment de donn\u00e9es aupr\u00e8s de mineurs. Si nous d\u00e9couvrons que nous avons collect\u00e9 des donn\u00e9es aupr\u00e8s d&rsquo;un enfant, nous les supprimerons rapidement.<\/p>\n<hr data-start=\"3850\" data-end=\"3853\" \/>\n<h3 data-start=\"3855\" data-end=\"3884\"><span style=\"color: #99cc00;\">11. Modifications de cette politique<\/span><\/h3>\n<p data-start=\"3886\" data-end=\"4010\">Nous pouvons mettre \u00e0 jour cette politique de confidentialit\u00e9 de temps \u00e0 autre. Tout changement sera publi\u00e9 sur cette page avec une date d&rsquo;entr\u00e9e en vigueur actualis\u00e9e.<\/p>\n<hr data-start=\"4012\" data-end=\"4015\" \/>\n<h3 data-start=\"4017\" data-end=\"4034\"><span style=\"color: #99cc00;\">12. Nous contacter<\/span><\/h3>\n<p data-start=\"4036\" data-end=\"4137\">Pour toute question, pr\u00e9occupation ou demande relative \u00e0 cette politique de confidentialit\u00e9 ou \u00e0 vos donn\u00e9es, veuillez contacter :<\/p>\n<p data-start=\"4139\" data-end=\"4300\"><strong data-start=\"4139\" data-end=\"4160\">Moroccan Cosmetic<\/strong><br data-start=\"4160\" data-end=\"4163\" \/>E-mail : <strong data-start=\"4170\" data-end=\"4199\"><a class=\"cursor-pointer\" rel=\"noopener\" data-start=\"4172\" data-end=\"4197\" data-abc=\"true\">info@moroccancosmetic.com<\/a><\/strong><br data-start=\"4199\" data-end=\"4202\" \/>T\u00e9l\u00e9phone : <strong data-start=\"4209\" data-end=\"4228\">+212 632-485055<\/strong><br data-start=\"4228\" data-end=\"4231\" \/>Site web : <a class=\"\" href=\"https:\/\/moroccancosmetic.com\" target=\"_new\" rel=\"noopener\" data-start=\"4240\" data-end=\"4300\" data-abc=\"true\">https:\/\/moroccancosmetic.com<\/a><\/p>\n<hr data-start=\"4302\" data-end=\"4305\" \/>\n<p data-start=\"4307\" data-end=\"4357\" data-is-last-node=\"\" data-is-only-node=\"\"><strong data-start=\"4307\" data-end=\"4357\" data-is-last-node=\"\">\u00a9 2025 Moroccan Cosmetic. Tous droits r\u00e9serv\u00e9s.<\/strong><\/p>\t\t\t\t\t\t\t\t<\/div>\n\t\t\t\t<\/div>\n\t\t\t\t\t<\/div>\n\t\t\t\t<\/div>\n\t\t\t\t<\/div>\n\t\t","protected":false},"excerpt":{"rendered":"<p>Politique de confidentialit\u00e9 Derni\u00e8re mise \u00e0 jour : 6 juillet 2025 Bienvenue chez Moroccan Cosmetic sur https:\/\/moroccancosmetic.com\/. Nous prenons votre vie priv\u00e9e tr\u00e8s au s\u00e9rieux et nous..<\/p>\n","protected":false},"author":1,"featured_media":0,"parent":0,"menu_order":0,"comment_status":"closed","ping_status":"open","template":"","meta":{"footnotes":""},"class_list":["post-93980","page","type-page","status-publish","hentry"],"yoast_head":"<!-- This site is optimized with the Yoast SEO Premium plugin v25.3 (Yoast SEO v27.4) - https:\/\/yoast.com\/product\/yoast-seo-premium-wordpress\/ -->\n<title>Politique de confidentialit\u00e9 - Moroccan organic Beauty Products Argan oil<\/title>\n<meta name=\"robots\" content=\"index, follow, max-snippet:-1, max-image-preview:large, max-video-preview:-1\" \/>\n<link rel=\"canonical\" href=\"https:\/\/moroccancosmetic.com\/fr\/politique-de-confidentialite\/\" \/>\n<meta property=\"og:locale\" content=\"fr_FR\" \/>\n<meta property=\"og:type\" content=\"article\" \/>\n<meta property=\"og:title\" content=\"Politique de confidentialit\u00e9\" \/>\n<meta property=\"og:description\" content=\"Politique de confidentialit\u00e9 Derni\u00e8re mise \u00e0 jour : 6 juillet 2025 Bienvenue chez Moroccan Cosmetic sur https:\/\/moroccancosmetic.com\/. Nous prenons votre vie priv\u00e9e tr\u00e8s au s\u00e9rieux et nous..\" \/>\n<meta property=\"og:url\" content=\"https:\/\/moroccancosmetic.com\/fr\/politique-de-confidentialite\/\" \/>\n<meta property=\"og:site_name\" content=\"Moroccan organic Beauty Products Argan oil\" \/>\n<meta property=\"article:publisher\" content=\"https:\/\/web.facebook.com\/profile.php?id=61576699202570\" \/>\n<meta property=\"article:modified_time\" content=\"2025-08-14T21:04:15+00:00\" \/>\n<meta property=\"og:image\" content=\"https:\/\/moroccancosmetic.com\/wp-content\/uploads\/2024\/12\/organic-argan-oil-wholesale-1.jpg\" \/>\n\t<meta property=\"og:image:width\" content=\"1091\" \/>\n\t<meta property=\"og:image:height\" content=\"500\" \/>\n\t<meta property=\"og:image:type\" content=\"image\/jpeg\" \/>\n<meta name=\"twitter:card\" content=\"summary_large_image\" \/>\n<meta name=\"twitter:label1\" content=\"Dur\u00e9e de lecture estim\u00e9e\" \/>\n\t<meta name=\"twitter:data1\" content=\"4 minutes\" \/>\n<script type=\"application\/ld+json\" class=\"yoast-schema-graph\">{\"@context\":\"https:\\\/\\\/schema.org\",\"@graph\":[{\"@type\":\"WebPage\",\"@id\":\"https:\\\/\\\/moroccancosmetic.com\\\/fr\\\/politique-de-confidentialite\\\/\",\"url\":\"https:\\\/\\\/moroccancosmetic.com\\\/fr\\\/politique-de-confidentialite\\\/\",\"name\":\"Politique de confidentialit\u00e9 - Moroccan organic Beauty Products Argan oil\",\"isPartOf\":{\"@id\":\"https:\\\/\\\/moroccancosmetic.com\\\/fr\\\/#website\"},\"datePublished\":\"2025-06-11T18:42:53+00:00\",\"dateModified\":\"2025-08-14T21:04:15+00:00\",\"breadcrumb\":{\"@id\":\"https:\\\/\\\/moroccancosmetic.com\\\/fr\\\/politique-de-confidentialite\\\/#breadcrumb\"},\"inLanguage\":\"fr-FR\",\"potentialAction\":[{\"@type\":\"ReadAction\",\"target\":[\"https:\\\/\\\/moroccancosmetic.com\\\/fr\\\/politique-de-confidentialite\\\/\"]}]},{\"@type\":\"BreadcrumbList\",\"@id\":\"https:\\\/\\\/moroccancosmetic.com\\\/fr\\\/politique-de-confidentialite\\\/#breadcrumb\",\"itemListElement\":[{\"@type\":\"ListItem\",\"position\":1,\"name\":\"Accueil\",\"item\":\"https:\\\/\\\/moroccancosmetic.com\\\/fr\\\/\"},{\"@type\":\"ListItem\",\"position\":2,\"name\":\"Politique de confidentialit\u00e9\"}]},{\"@type\":\"WebSite\",\"@id\":\"https:\\\/\\\/moroccancosmetic.com\\\/fr\\\/#website\",\"url\":\"https:\\\/\\\/moroccancosmetic.com\\\/fr\\\/\",\"name\":\"Moroccan Beauty Products\",\"description\":\"\",\"publisher\":{\"@id\":\"https:\\\/\\\/moroccancosmetic.com\\\/fr\\\/#organization\"},\"potentialAction\":[{\"@type\":\"SearchAction\",\"target\":{\"@type\":\"EntryPoint\",\"urlTemplate\":\"https:\\\/\\\/moroccancosmetic.com\\\/fr\\\/?s={search_term_string}\"},\"query-input\":{\"@type\":\"PropertyValueSpecification\",\"valueRequired\":true,\"valueName\":\"search_term_string\"}}],\"inLanguage\":\"fr-FR\"},{\"@type\":\"Organization\",\"@id\":\"https:\\\/\\\/moroccancosmetic.com\\\/fr\\\/#organization\",\"name\":\"Moroccan Beauty Products wholesale\",\"url\":\"https:\\\/\\\/moroccancosmetic.com\\\/fr\\\/\",\"logo\":{\"@type\":\"ImageObject\",\"inLanguage\":\"fr-FR\",\"@id\":\"https:\\\/\\\/moroccancosmetic.com\\\/fr\\\/#\\\/schema\\\/logo\\\/image\\\/\",\"url\":\"https:\\\/\\\/moroccancosmetic.com\\\/wp-content\\\/uploads\\\/2025\\\/06\\\/main-logo-Dark-img.png\",\"contentUrl\":\"https:\\\/\\\/moroccancosmetic.com\\\/wp-content\\\/uploads\\\/2025\\\/06\\\/main-logo-Dark-img.png\",\"width\":314,\"height\":94,\"caption\":\"Moroccan Beauty Products wholesale\"},\"image\":{\"@id\":\"https:\\\/\\\/moroccancosmetic.com\\\/fr\\\/#\\\/schema\\\/logo\\\/image\\\/\"},\"sameAs\":[\"https:\\\/\\\/web.facebook.com\\\/profile.php?id=61576699202570\",\"https:\\\/\\\/www.instagram.com\\\/moroccancosmetics.organic\\\/\"]}]}<\/script>\n<!-- \/ Yoast SEO Premium plugin. -->","yoast_head_json":{"title":"Politique de confidentialit\u00e9 - Moroccan organic Beauty Products Argan oil","robots":{"index":"index","follow":"follow","max-snippet":"max-snippet:-1","max-image-preview":"max-image-preview:large","max-video-preview":"max-video-preview:-1"},"canonical":"https:\/\/moroccancosmetic.com\/fr\/politique-de-confidentialite\/","og_locale":"fr_FR","og_type":"article","og_title":"Politique de confidentialit\u00e9","og_description":"Politique de confidentialit\u00e9 Derni\u00e8re mise \u00e0 jour : 6 juillet 2025 Bienvenue chez Moroccan Cosmetic sur https:\/\/moroccancosmetic.com\/. Nous prenons votre vie priv\u00e9e tr\u00e8s au s\u00e9rieux et nous..","og_url":"https:\/\/moroccancosmetic.com\/fr\/politique-de-confidentialite\/","og_site_name":"Moroccan organic Beauty Products Argan oil","article_publisher":"https:\/\/web.facebook.com\/profile.php?id=61576699202570","article_modified_time":"2025-08-14T21:04:15+00:00","og_image":[{"width":1091,"height":500,"url":"https:\/\/moroccancosmetic.com\/wp-content\/uploads\/2024\/12\/organic-argan-oil-wholesale-1.jpg","type":"image\/jpeg"}],"twitter_card":"summary_large_image","twitter_misc":{"Dur\u00e9e de lecture estim\u00e9e":"4 minutes"},"schema":{"@context":"https:\/\/schema.org","@graph":[{"@type":"WebPage","@id":"https:\/\/moroccancosmetic.com\/fr\/politique-de-confidentialite\/","url":"https:\/\/moroccancosmetic.com\/fr\/politique-de-confidentialite\/","name":"Politique de confidentialit\u00e9 - Moroccan organic Beauty Products Argan oil","isPartOf":{"@id":"https:\/\/moroccancosmetic.com\/fr\/#website"},"datePublished":"2025-06-11T18:42:53+00:00","dateModified":"2025-08-14T21:04:15+00:00","breadcrumb":{"@id":"https:\/\/moroccancosmetic.com\/fr\/politique-de-confidentialite\/#breadcrumb"},"inLanguage":"fr-FR","potentialAction":[{"@type":"ReadAction","target":["https:\/\/moroccancosmetic.com\/fr\/politique-de-confidentialite\/"]}]},{"@type":"BreadcrumbList","@id":"https:\/\/moroccancosmetic.com\/fr\/politique-de-confidentialite\/#breadcrumb","itemListElement":[{"@type":"ListItem","position":1,"name":"Accueil","item":"https:\/\/moroccancosmetic.com\/fr\/"},{"@type":"ListItem","position":2,"name":"Politique de confidentialit\u00e9"}]},{"@type":"WebSite","@id":"https:\/\/moroccancosmetic.com\/fr\/#website","url":"https:\/\/moroccancosmetic.com\/fr\/","name":"Moroccan Beauty Products","description":"","publisher":{"@id":"https:\/\/moroccancosmetic.com\/fr\/#organization"},"potentialAction":[{"@type":"SearchAction","target":{"@type":"EntryPoint","urlTemplate":"https:\/\/moroccancosmetic.com\/fr\/?s={search_term_string}"},"query-input":{"@type":"PropertyValueSpecification","valueRequired":true,"valueName":"search_term_string"}}],"inLanguage":"fr-FR"},{"@type":"Organization","@id":"https:\/\/moroccancosmetic.com\/fr\/#organization","name":"Moroccan Beauty Products wholesale","url":"https:\/\/moroccancosmetic.com\/fr\/","logo":{"@type":"ImageObject","inLanguage":"fr-FR","@id":"https:\/\/moroccancosmetic.com\/fr\/#\/schema\/logo\/image\/","url":"https:\/\/moroccancosmetic.com\/wp-content\/uploads\/2025\/06\/main-logo-Dark-img.png","contentUrl":"https:\/\/moroccancosmetic.com\/wp-content\/uploads\/2025\/06\/main-logo-Dark-img.png","width":314,"height":94,"caption":"Moroccan Beauty Products wholesale"},"image":{"@id":"https:\/\/moroccancosmetic.com\/fr\/#\/schema\/logo\/image\/"},"sameAs":["https:\/\/web.facebook.com\/profile.php?id=61576699202570","https:\/\/www.instagram.com\/moroccancosmetics.organic\/"]}]}},"_links":{"self":[{"href":"https:\/\/moroccancosmetic.com\/fr\/wp-json\/wp\/v2\/pages\/93980","targetHints":{"allow":["GET"]}}],"collection":[{"href":"https:\/\/moroccancosmetic.com\/fr\/wp-json\/wp\/v2\/pages"}],"about":[{"href":"https:\/\/moroccancosmetic.com\/fr\/wp-json\/wp\/v2\/types\/page"}],"author":[{"embeddable":true,"href":"https:\/\/moroccancosmetic.com\/fr\/wp-json\/wp\/v2\/users\/1"}],"replies":[{"embeddable":true,"href":"https:\/\/moroccancosmetic.com\/fr\/wp-json\/wp\/v2\/comments?post=93980"}],"version-history":[{"count":0,"href":"https:\/\/moroccancosmetic.com\/fr\/wp-json\/wp\/v2\/pages\/93980\/revisions"}],"wp:attachment":[{"href":"https:\/\/moroccancosmetic.com\/fr\/wp-json\/wp\/v2\/media?parent=93980"}],"curies":[{"name":"wp","href":"https:\/\/api.w.org\/{rel}","templated":true}]}}