{"id":93990,"date":"2024-12-24T04:58:39","date_gmt":"2024-12-24T04:58:39","guid":{"rendered":"https:\/\/moroccancosmetic.com\/faq\/"},"modified":"2025-08-14T21:14:13","modified_gmt":"2025-08-14T21:14:13","slug":"foire-aux-questions","status":"publish","type":"page","link":"https:\/\/moroccancosmetic.com\/fr\/foire-aux-questions\/","title":{"rendered":"Foire aux questions"},"content":{"rendered":"\t\t<div data-elementor-type=\"wp-page\" data-elementor-id=\"93990\" class=\"elementor elementor-93990 elementor-123\" data-elementor-post-type=\"page\">\n\t\t\t\t<div class=\"elementor-element elementor-element-7855c8d2 e-flex e-con-boxed text-reveal-no e-con e-parent\" data-id=\"7855c8d2\" data-element_type=\"container\" data-e-type=\"container\">\n\t\t\t\t\t<div class=\"e-con-inner\">\n\t\t<div class=\"elementor-element elementor-element-6ef61bf8 e-con-full e-flex text-reveal-no e-con e-child\" data-id=\"6ef61bf8\" data-element_type=\"container\" data-e-type=\"container\">\n\t\t<div class=\"elementor-element elementor-element-461bb180 e-con-full e-flex text-reveal-no e-con e-child\" data-id=\"461bb180\" data-element_type=\"container\" data-e-type=\"container\">\n\t\t\t\t<div class=\"elementor-element elementor-element-23148c8b cea-tablet-align-left cea-mobile-align-left cea-align-center elementor-widget elementor-widget-ceasectiontitle\" data-id=\"23148c8b\" data-element_type=\"widget\" data-e-type=\"widget\" data-widget_type=\"ceasectiontitle.default\">\n\t\t\t\t<div class=\"elementor-widget-container\">\n\t\t\t\t\t<div class=\"section-title-wrapper\"><div class=\"title-wrap\"><div class=\"sub-title\"><span class=\"subtitle-dots \" >List of faq\u2019s<\/span><\/div><h2 class=\"section-title none\" data-animation=\"none\">Popular FAQs for Your Business<\/h2><\/div><!-- .title-wrap --><div class=\"section-description\"><\/div><!-- .section-description --><\/div><!-- .section-title-wrapper -->\t\t\t\t<\/div>\n\t\t\t\t<\/div>\n\t\t\t\t<\/div>\n\t\t\t\t<\/div>\n\t\t<div class=\"elementor-element elementor-element-69efd30e e-con-full e-flex text-reveal-no e-con e-child\" data-id=\"69efd30e\" data-element_type=\"container\" data-e-type=\"container\">\n\t\t<div class=\"elementor-element elementor-element-6bf1ff9c e-con-full e-flex text-reveal-no e-con e-child\" data-id=\"6bf1ff9c\" data-element_type=\"container\" data-e-type=\"container\">\n\t\t\t\t<div class=\"elementor-element elementor-element-25f21a56 cus-faq-style-wrap elementor-widget elementor-widget-ceaaccordion\" data-id=\"25f21a56\" data-element_type=\"widget\" data-e-type=\"widget\" data-widget_type=\"ceaaccordion.default\">\n\t\t\t\t\n\t\t<div class=\"elementor-widget-container cea-accordion-elementor-widget\" data-toggle=\"\">\n\t\t\t<div class=\"cea-accordions\" id=\"cea-accordion-1\"><div class=\"card cea-accordion\"><div class=\"card-header cea-accordion-header\"><a class=\"nav-item nav-link active\" href=\"#cea-accordion-1-1\"><span class=\"elementor-accordion-icon elementor-accordion-icon-right\" aria-hidden=\"true\"><span class=\"cea-accordion-icon-closed\"><i class=\"ti-plus\"><\/i><\/span><span class=\"cea-accordion-icon-opened\"><i class=\"ti-minus\"><\/i><\/span><\/span>Vos produits sont-ils vraiment 100 % biologiques ?<\/a><\/div><!-- .card-header --><div class=\"cea-accordion-content active\" id=\"cea-accordion-1-1\"><div class=\"card-body\"><div class=\"cea-accordion-pane\"><p data-start=\"330\" data-end=\"518\">Absolument ! L\u2019ensemble de nos produits est certifi\u00e9 bio (Ecocert, USDA), v\u00e9rifi\u00e9 en laboratoire et \u00e9labor\u00e9 uniquement avec des ingr\u00e9dients naturels et sains \u2014 sans agents chimiques ni compromis.<\/p><\/div><\/div><!-- .card-body --><\/div><!-- .cea-accordion-content --><\/div><!-- .card --><div class=\"card cea-accordion\"><div class=\"card-header cea-accordion-header\"><a class=\"nav-item nav-link\" href=\"#cea-accordion-1-2\"><span class=\"elementor-accordion-icon elementor-accordion-icon-right\" aria-hidden=\"true\"><span class=\"cea-accordion-icon-closed\"><i class=\"ti-plus\"><\/i><\/span><span class=\"cea-accordion-icon-opened\"><i class=\"ti-minus\"><\/i><\/span><\/span>Offrez-vous la possibilit\u00e9 de cr\u00e9er des produits en marque blanche et avec un branding sur mesure ?<\/a><\/div><!-- .card-header --><div class=\"cea-accordion-content\" id=\"cea-accordion-1-2\"><div class=\"card-body\"><div class=\"cea-accordion-pane\"><p data-start=\"528\" data-end=\"697\">Absolument, nous vous accompagnons dans le lancement de votre marque de beaut\u00e9 gr\u00e2ce \u00e0 des \u00e9tiquettes sur mesure, une conception d\u2019emballages et un service complet de marque blanche.<\/p><\/div><\/div><!-- .card-body --><\/div><!-- .cea-accordion-content --><\/div><!-- .card --><div class=\"card cea-accordion\"><div class=\"card-header cea-accordion-header\"><a class=\"nav-item nav-link\" href=\"#cea-accordion-1-3\"><span class=\"elementor-accordion-icon elementor-accordion-icon-right\" aria-hidden=\"true\"><span class=\"cea-accordion-icon-closed\"><i class=\"ti-plus\"><\/i><\/span><span class=\"cea-accordion-icon-opened\"><i class=\"ti-minus\"><\/i><\/span><\/span>Quel est le montant minimum de commande pour b\u00e9n\u00e9ficier du tarif de gros ?<\/a><\/div><!-- .card-header --><div class=\"cea-accordion-content\" id=\"cea-accordion-1-3\"><div class=\"card-body\"><div class=\"cea-accordion-pane\"><p data-start=\"707\" data-end=\"863\">Nous proposons des MOQ flexibles ! Il est possible de d\u00e9buter avec des volumes r\u00e9duits \u2014 id\u00e9al pour les jeunes marques et les entreprises en expansion.<\/p><\/div><\/div><!-- .card-body --><\/div><!-- .cea-accordion-content --><\/div><!-- .card --><div class=\"card cea-accordion\"><div class=\"card-header cea-accordion-header\"><a class=\"nav-item nav-link\" href=\"#cea-accordion-1-4\"><span class=\"elementor-accordion-icon elementor-accordion-icon-right\" aria-hidden=\"true\"><span class=\"cea-accordion-icon-closed\"><i class=\"ti-plus\"><\/i><\/span><span class=\"cea-accordion-icon-opened\"><i class=\"ti-minus\"><\/i><\/span><\/span>Effectuez-vous des livraisons dans le monde entier ?<\/a><\/div><!-- .card-header --><div class=\"cea-accordion-content\" id=\"cea-accordion-1-4\"><div class=\"card-body\"><div class=\"cea-accordion-pane\"><p data-start=\"873\" data-end=\"1029\">Absolument, nous livrons partout dans le monde. Des envois rapides et s\u00fbrs vers les \u00c9tats-Unis, l\u2019Europe et les autres march\u00e9s internationaux, accompagn\u00e9s de la documentation pr\u00eate pour l\u2019export.<\/p><\/div><\/div><!-- .card-body --><\/div><!-- .cea-accordion-content --><\/div><!-- .card --><div class=\"card cea-accordion\"><div class=\"card-header cea-accordion-header\"><a class=\"nav-item nav-link\" href=\"#cea-accordion-1-5\"><span class=\"elementor-accordion-icon elementor-accordion-icon-right\" aria-hidden=\"true\"><span class=\"cea-accordion-icon-closed\"><i class=\"ti-plus\"><\/i><\/span><span class=\"cea-accordion-icon-opened\"><i class=\"ti-minus\"><\/i><\/span><\/span>Est-il possible de recevoir des \u00e9chantillons avant de passer une commande en grande quantit\u00e9 ?<\/a><\/div><!-- .card-header --><div class=\"cea-accordion-content\" id=\"cea-accordion-1-5\"><div class=\"card-body\"><div class=\"cea-accordion-pane\"><p data-start=\"1039\" data-end=\"1225\">Absolument. Des \u00e9chantillons d\u2019huile d\u2019argan, d\u2019Aker Fassi, de savon noir et d\u2019autres produits sont disponibles pour vous permettre de contr\u00f4ler la qualit\u00e9 avant de commander en grande quantit\u00e9.<\/p><\/div><\/div><!-- .card-body --><\/div><!-- .cea-accordion-content --><\/div><!-- .card --><\/div>\t\t<\/div>\n\t\t\t\t<\/div>\n\t\t\t\t<\/div>\n\t\t<div class=\"elementor-element elementor-element-54c67255 e-con-full e-flex text-reveal-no e-con e-child\" data-id=\"54c67255\" data-element_type=\"container\" data-e-type=\"container\">\n\t\t\t\t<div class=\"elementor-element elementor-element-2e71338 cus-faq-style-wrap elementor-widget elementor-widget-ceaaccordion\" data-id=\"2e71338\" data-element_type=\"widget\" data-e-type=\"widget\" data-widget_type=\"ceaaccordion.default\">\n\t\t\t\t\n\t\t<div class=\"elementor-widget-container cea-accordion-elementor-widget\" data-toggle=\"\">\n\t\t\t<div class=\"cea-accordions\" id=\"cea-accordion-2\"><div class=\"card cea-accordion\"><div class=\"card-header cea-accordion-header\"><a class=\"nav-item nav-link active\" href=\"#cea-accordion-2-1\"><span class=\"elementor-accordion-icon elementor-accordion-icon-right\" aria-hidden=\"true\"><span class=\"cea-accordion-icon-closed\"><i class=\"ti-plus\"><\/i><\/span><span class=\"cea-accordion-icon-opened\"><i class=\"ti-minus\"><\/i><\/span><\/span>Est-ce que vos produits respectent les crit\u00e8res cruelty-free et v\u00e9gan ?<\/a><\/div><!-- .card-header --><div class=\"cea-accordion-content active\" id=\"cea-accordion-2-1\"><div class=\"card-body\"><div class=\"cea-accordion-pane\"><p data-start=\"1235\" data-end=\"1389\">Oui, \u00e0 100 %. Nous ne testons jamais nos produits sur les animaux et tous nos ingr\u00e9dients sont d\u2019origine v\u00e9g\u00e9tale, s\u00fbrs et issus de sources \u00e9thiques.<\/p><\/div><\/div><!-- .card-body --><\/div><!-- .cea-accordion-content --><\/div><!-- .card --><div class=\"card cea-accordion\"><div class=\"card-header cea-accordion-header\"><a class=\"nav-item nav-link\" href=\"#cea-accordion-2-2\"><span class=\"elementor-accordion-icon elementor-accordion-icon-right\" aria-hidden=\"true\"><span class=\"cea-accordion-icon-closed\"><i class=\"ti-plus\"><\/i><\/span><span class=\"cea-accordion-icon-opened\"><i class=\"ti-minus\"><\/i><\/span><\/span>Quels types de partenaires ou clients accompagnez-vous ?<\/a><\/div><!-- .card-header --><div class=\"cea-accordion-content\" id=\"cea-accordion-2-2\"><div class=\"card-body\"><div class=\"cea-accordion-pane\"><p data-start=\"1602\" data-end=\"1753\">Nos clients incluent des marques de beaut\u00e9, des spas, des hammams, des salons, des commerces en ligne et des entrepreneurs cr\u00e9ant leur propre ligne de cosm\u00e9tiques naturels.<\/p><\/div><\/div><!-- .card-body --><\/div><!-- .cea-accordion-content --><\/div><!-- .card --><div class=\"card cea-accordion\"><div class=\"card-header cea-accordion-header\"><a class=\"nav-item nav-link\" href=\"#cea-accordion-2-3\"><span class=\"elementor-accordion-icon elementor-accordion-icon-right\" aria-hidden=\"true\"><span class=\"cea-accordion-icon-closed\"><i class=\"ti-plus\"><\/i><\/span><span class=\"cea-accordion-icon-opened\"><i class=\"ti-minus\"><\/i><\/span><\/span>Quel est le d\u00e9lai de production et de livraison ?<\/a><\/div><!-- .card-header --><div class=\"cea-accordion-content\" id=\"cea-accordion-2-3\"><div class=\"card-body\"><div class=\"cea-accordion-pane\"><p data-start=\"1763\" data-end=\"1937\">Les commandes de marque blanche sont en g\u00e9n\u00e9ral pr\u00e9par\u00e9es sous 5 \u00e0 10 jours. La livraison internationale n\u00e9cessite habituellement 3 \u00e0 7 jours, selon votre pays.<\/p><\/div><\/div><!-- .card-body --><\/div><!-- .cea-accordion-content --><\/div><!-- .card --><div class=\"card cea-accordion\"><div class=\"card-header cea-accordion-header\"><a class=\"nav-item nav-link\" href=\"#cea-accordion-2-4\"><span class=\"elementor-accordion-icon elementor-accordion-icon-right\" aria-hidden=\"true\"><span class=\"cea-accordion-icon-closed\"><i class=\"ti-plus\"><\/i><\/span><span class=\"cea-accordion-icon-opened\"><i class=\"ti-minus\"><\/i><\/span><\/span>Pourquoi vos produits marocains sont-ils uniques ?<\/a><\/div><!-- .card-header --><div class=\"cea-accordion-content\" id=\"cea-accordion-2-4\"><div class=\"card-body\"><div class=\"cea-accordion-pane\"><p data-start=\"1948\" data-end=\"2179\">Fabriqu\u00e9s au Maroc avec des m\u00e9thodes traditionnelles et des ingr\u00e9dients naturels, nos produits sont appr\u00e9ci\u00e9s par des marques internationales pour leur qualit\u00e9, leur tra\u00e7abilit\u00e9 et leur certification bio.<\/p><\/div><\/div><!-- .card-body --><\/div><!-- .cea-accordion-content --><\/div><!-- .card --><div class=\"card cea-accordion\"><div class=\"card-header cea-accordion-header\"><a class=\"nav-item nav-link\" href=\"#cea-accordion-2-5\"><span class=\"elementor-accordion-icon elementor-accordion-icon-right\" aria-hidden=\"true\"><span class=\"cea-accordion-icon-closed\"><i class=\"ti-plus\"><\/i><\/span><span class=\"cea-accordion-icon-opened\"><i class=\"ti-minus\"><\/i><\/span><\/span>Est-il possible de combiner plusieurs produits dans une seule commande en gros ?<\/a><\/div><!-- .card-header --><div class=\"cea-accordion-content\" id=\"cea-accordion-2-5\"><div class=\"card-body\"><div class=\"cea-accordion-pane\"><p data-start=\"72\" data-end=\"312\">Absolument ! Il est possible de regrouper des produits comme l\u2019huile d\u2019argan, l\u2019eau de rose, l\u2019Aker Fassi et le savon noir dans une commande en gros unique. Nous nous adaptons \u00e0 vos besoins particuliers.<\/p><\/div><\/div><!-- .card-body --><\/div><!-- .cea-accordion-content --><\/div><!-- .card --><\/div>\t\t<\/div>\n\t\t\t\t<\/div>\n\t\t\t\t<\/div>\n\t\t\t\t<\/div>\n\t\t\t\t\t<\/div>\n\t\t\t\t<\/div>\n\t\t\t\t<\/div>\n\t\t","protected":false},"excerpt":{"rendered":"<p>List of faq\u2019s Popular FAQs for Your Business Vos produits sont-ils vraiment 100 % biologiques ? Absolument ! L\u2019ensemble de nos produits est certifi\u00e9 bio (Ecocert, USDA),..<\/p>\n","protected":false},"author":1,"featured_media":0,"parent":0,"menu_order":0,"comment_status":"closed","ping_status":"closed","template":"","meta":{"footnotes":""},"class_list":["post-93990","page","type-page","status-publish","hentry"],"yoast_head":"<!-- This site is optimized with the Yoast SEO Premium plugin v25.3 (Yoast SEO v27.4) - https:\/\/yoast.com\/product\/yoast-seo-premium-wordpress\/ -->\n<title>Foire aux questions - Moroccan organic Beauty Products Argan oil<\/title>\n<meta name=\"robots\" content=\"index, follow, max-snippet:-1, max-image-preview:large, max-video-preview:-1\" \/>\n<link rel=\"canonical\" href=\"https:\/\/moroccancosmetic.com\/fr\/foire-aux-questions\/\" \/>\n<meta property=\"og:locale\" content=\"fr_FR\" \/>\n<meta property=\"og:type\" content=\"article\" \/>\n<meta property=\"og:title\" content=\"Foire aux questions\" \/>\n<meta property=\"og:description\" content=\"List of faq\u2019s Popular FAQs for Your Business Vos produits sont-ils vraiment 100 % biologiques ? Absolument ! L\u2019ensemble de nos produits est certifi\u00e9 bio (Ecocert, USDA),..\" \/>\n<meta property=\"og:url\" content=\"https:\/\/moroccancosmetic.com\/fr\/foire-aux-questions\/\" \/>\n<meta property=\"og:site_name\" content=\"Moroccan organic Beauty Products Argan oil\" \/>\n<meta property=\"article:publisher\" content=\"https:\/\/web.facebook.com\/profile.php?id=61576699202570\" \/>\n<meta property=\"article:modified_time\" content=\"2025-08-14T21:14:13+00:00\" \/>\n<meta property=\"og:image\" content=\"https:\/\/moroccancosmetic.com\/wp-content\/uploads\/2024\/12\/organic-argan-oil-wholesale-1.jpg\" \/>\n\t<meta property=\"og:image:width\" content=\"1091\" \/>\n\t<meta property=\"og:image:height\" content=\"500\" \/>\n\t<meta property=\"og:image:type\" content=\"image\/jpeg\" \/>\n<meta name=\"twitter:card\" content=\"summary_large_image\" \/>\n<meta name=\"twitter:label1\" content=\"Dur\u00e9e de lecture estim\u00e9e\" \/>\n\t<meta name=\"twitter:data1\" content=\"2 minutes\" \/>\n<script type=\"application\/ld+json\" class=\"yoast-schema-graph\">{\"@context\":\"https:\\\/\\\/schema.org\",\"@graph\":[{\"@type\":\"WebPage\",\"@id\":\"https:\\\/\\\/moroccancosmetic.com\\\/fr\\\/foire-aux-questions\\\/\",\"url\":\"https:\\\/\\\/moroccancosmetic.com\\\/fr\\\/foire-aux-questions\\\/\",\"name\":\"Foire aux questions - Moroccan organic Beauty Products Argan oil\",\"isPartOf\":{\"@id\":\"https:\\\/\\\/moroccancosmetic.com\\\/fr\\\/#website\"},\"datePublished\":\"2024-12-24T04:58:39+00:00\",\"dateModified\":\"2025-08-14T21:14:13+00:00\",\"breadcrumb\":{\"@id\":\"https:\\\/\\\/moroccancosmetic.com\\\/fr\\\/foire-aux-questions\\\/#breadcrumb\"},\"inLanguage\":\"fr-FR\",\"potentialAction\":[{\"@type\":\"ReadAction\",\"target\":[\"https:\\\/\\\/moroccancosmetic.com\\\/fr\\\/foire-aux-questions\\\/\"]}]},{\"@type\":\"BreadcrumbList\",\"@id\":\"https:\\\/\\\/moroccancosmetic.com\\\/fr\\\/foire-aux-questions\\\/#breadcrumb\",\"itemListElement\":[{\"@type\":\"ListItem\",\"position\":1,\"name\":\"Accueil\",\"item\":\"https:\\\/\\\/moroccancosmetic.com\\\/fr\\\/\"},{\"@type\":\"ListItem\",\"position\":2,\"name\":\"Foire aux questions\"}]},{\"@type\":\"WebSite\",\"@id\":\"https:\\\/\\\/moroccancosmetic.com\\\/fr\\\/#website\",\"url\":\"https:\\\/\\\/moroccancosmetic.com\\\/fr\\\/\",\"name\":\"Moroccan Beauty Products\",\"description\":\"\",\"publisher\":{\"@id\":\"https:\\\/\\\/moroccancosmetic.com\\\/fr\\\/#organization\"},\"potentialAction\":[{\"@type\":\"SearchAction\",\"target\":{\"@type\":\"EntryPoint\",\"urlTemplate\":\"https:\\\/\\\/moroccancosmetic.com\\\/fr\\\/?s={search_term_string}\"},\"query-input\":{\"@type\":\"PropertyValueSpecification\",\"valueRequired\":true,\"valueName\":\"search_term_string\"}}],\"inLanguage\":\"fr-FR\"},{\"@type\":\"Organization\",\"@id\":\"https:\\\/\\\/moroccancosmetic.com\\\/fr\\\/#organization\",\"name\":\"Moroccan Beauty Products wholesale\",\"url\":\"https:\\\/\\\/moroccancosmetic.com\\\/fr\\\/\",\"logo\":{\"@type\":\"ImageObject\",\"inLanguage\":\"fr-FR\",\"@id\":\"https:\\\/\\\/moroccancosmetic.com\\\/fr\\\/#\\\/schema\\\/logo\\\/image\\\/\",\"url\":\"https:\\\/\\\/moroccancosmetic.com\\\/wp-content\\\/uploads\\\/2025\\\/06\\\/main-logo-Dark-img.png\",\"contentUrl\":\"https:\\\/\\\/moroccancosmetic.com\\\/wp-content\\\/uploads\\\/2025\\\/06\\\/main-logo-Dark-img.png\",\"width\":314,\"height\":94,\"caption\":\"Moroccan Beauty Products wholesale\"},\"image\":{\"@id\":\"https:\\\/\\\/moroccancosmetic.com\\\/fr\\\/#\\\/schema\\\/logo\\\/image\\\/\"},\"sameAs\":[\"https:\\\/\\\/web.facebook.com\\\/profile.php?id=61576699202570\",\"https:\\\/\\\/www.instagram.com\\\/moroccancosmetics.organic\\\/\"]}]}<\/script>\n<!-- \/ Yoast SEO Premium plugin. -->","yoast_head_json":{"title":"Foire aux questions - Moroccan organic Beauty Products Argan oil","robots":{"index":"index","follow":"follow","max-snippet":"max-snippet:-1","max-image-preview":"max-image-preview:large","max-video-preview":"max-video-preview:-1"},"canonical":"https:\/\/moroccancosmetic.com\/fr\/foire-aux-questions\/","og_locale":"fr_FR","og_type":"article","og_title":"Foire aux questions","og_description":"List of faq\u2019s Popular FAQs for Your Business Vos produits sont-ils vraiment 100 % biologiques ? Absolument ! L\u2019ensemble de nos produits est certifi\u00e9 bio (Ecocert, USDA),..","og_url":"https:\/\/moroccancosmetic.com\/fr\/foire-aux-questions\/","og_site_name":"Moroccan organic Beauty Products Argan oil","article_publisher":"https:\/\/web.facebook.com\/profile.php?id=61576699202570","article_modified_time":"2025-08-14T21:14:13+00:00","og_image":[{"width":1091,"height":500,"url":"https:\/\/moroccancosmetic.com\/wp-content\/uploads\/2024\/12\/organic-argan-oil-wholesale-1.jpg","type":"image\/jpeg"}],"twitter_card":"summary_large_image","twitter_misc":{"Dur\u00e9e de lecture estim\u00e9e":"2 minutes"},"schema":{"@context":"https:\/\/schema.org","@graph":[{"@type":"WebPage","@id":"https:\/\/moroccancosmetic.com\/fr\/foire-aux-questions\/","url":"https:\/\/moroccancosmetic.com\/fr\/foire-aux-questions\/","name":"Foire aux questions - Moroccan organic Beauty Products Argan oil","isPartOf":{"@id":"https:\/\/moroccancosmetic.com\/fr\/#website"},"datePublished":"2024-12-24T04:58:39+00:00","dateModified":"2025-08-14T21:14:13+00:00","breadcrumb":{"@id":"https:\/\/moroccancosmetic.com\/fr\/foire-aux-questions\/#breadcrumb"},"inLanguage":"fr-FR","potentialAction":[{"@type":"ReadAction","target":["https:\/\/moroccancosmetic.com\/fr\/foire-aux-questions\/"]}]},{"@type":"BreadcrumbList","@id":"https:\/\/moroccancosmetic.com\/fr\/foire-aux-questions\/#breadcrumb","itemListElement":[{"@type":"ListItem","position":1,"name":"Accueil","item":"https:\/\/moroccancosmetic.com\/fr\/"},{"@type":"ListItem","position":2,"name":"Foire aux questions"}]},{"@type":"WebSite","@id":"https:\/\/moroccancosmetic.com\/fr\/#website","url":"https:\/\/moroccancosmetic.com\/fr\/","name":"Moroccan Beauty Products","description":"","publisher":{"@id":"https:\/\/moroccancosmetic.com\/fr\/#organization"},"potentialAction":[{"@type":"SearchAction","target":{"@type":"EntryPoint","urlTemplate":"https:\/\/moroccancosmetic.com\/fr\/?s={search_term_string}"},"query-input":{"@type":"PropertyValueSpecification","valueRequired":true,"valueName":"search_term_string"}}],"inLanguage":"fr-FR"},{"@type":"Organization","@id":"https:\/\/moroccancosmetic.com\/fr\/#organization","name":"Moroccan Beauty Products wholesale","url":"https:\/\/moroccancosmetic.com\/fr\/","logo":{"@type":"ImageObject","inLanguage":"fr-FR","@id":"https:\/\/moroccancosmetic.com\/fr\/#\/schema\/logo\/image\/","url":"https:\/\/moroccancosmetic.com\/wp-content\/uploads\/2025\/06\/main-logo-Dark-img.png","contentUrl":"https:\/\/moroccancosmetic.com\/wp-content\/uploads\/2025\/06\/main-logo-Dark-img.png","width":314,"height":94,"caption":"Moroccan Beauty Products wholesale"},"image":{"@id":"https:\/\/moroccancosmetic.com\/fr\/#\/schema\/logo\/image\/"},"sameAs":["https:\/\/web.facebook.com\/profile.php?id=61576699202570","https:\/\/www.instagram.com\/moroccancosmetics.organic\/"]}]}},"_links":{"self":[{"href":"https:\/\/moroccancosmetic.com\/fr\/wp-json\/wp\/v2\/pages\/93990","targetHints":{"allow":["GET"]}}],"collection":[{"href":"https:\/\/moroccancosmetic.com\/fr\/wp-json\/wp\/v2\/pages"}],"about":[{"href":"https:\/\/moroccancosmetic.com\/fr\/wp-json\/wp\/v2\/types\/page"}],"author":[{"embeddable":true,"href":"https:\/\/moroccancosmetic.com\/fr\/wp-json\/wp\/v2\/users\/1"}],"replies":[{"embeddable":true,"href":"https:\/\/moroccancosmetic.com\/fr\/wp-json\/wp\/v2\/comments?post=93990"}],"version-history":[{"count":0,"href":"https:\/\/moroccancosmetic.com\/fr\/wp-json\/wp\/v2\/pages\/93990\/revisions"}],"wp:attachment":[{"href":"https:\/\/moroccancosmetic.com\/fr\/wp-json\/wp\/v2\/media?parent=93990"}],"curies":[{"name":"wp","href":"https:\/\/api.w.org\/{rel}","templated":true}]}}